{"id":824,"date":"2019-10-23T11:22:38","date_gmt":"2019-10-23T14:22:38","guid":{"rendered":"https:\/\/tixengenharia.com.br\/engenharia\/?page_id=824"},"modified":"2019-11-29T14:11:12","modified_gmt":"2019-11-29T17:11:12","slug":"projeto-de-impermeabilizacao","status":"publish","type":"page","link":"https:\/\/tixengenharia.com.br\/engenharia\/projeto-de-impermeabilizacao\/","title":{"rendered":"Projeto de Impermeabiliza\u00e7\u00e3o"},"content":{"rendered":"<h2><a href=\"http:\/\/tixengenharia.com.br\/engenharia\/obras-em-destaque\/\" target=\"_blank\" rel=\"noopener noreferrer\"><img loading=\"lazy\" class=\"aligncenter wp-image-841 size-full\" title=\"Tix Engenharia Impermeabiliza\u00e7\u00e3o\" src=\"https:\/\/tixengenharia.com.br\/engenharia\/wp-content\/uploads\/2019\/11\/ban3.jpg\" alt=\"IMPERMEABILIZA\u00c7\u00c3O LONDRINA E MARING\u00c1\" width=\"730\" height=\"190\" srcset=\"https:\/\/tixengenharia.com.br\/engenharia\/wp-content\/uploads\/2019\/11\/ban3.jpg 730w, https:\/\/tixengenharia.com.br\/engenharia\/wp-content\/uploads\/2019\/11\/ban3-300x78.jpg 300w\" sizes=\"(max-width: 730px) 100vw, 730px\" \/><\/a>Por que fazer um Projeto de Impermeabiliza\u00e7\u00e3o?<\/h2>\n<p>Uma impermeabiliza\u00e7\u00e3o predial, sobretudo em condom\u00ednios, envolve um investimento consider\u00e1vel que afeta, inclusive, a estrutura e projeto da constru\u00e7\u00e3o.<\/p>\n<p>Por isto \u00e9 importante um projeto de impermeabiliza\u00e7\u00e3o precedendo a obra de impermeabilizar uma \u00e1rea da constru\u00e7\u00e3o, sobretudo quando falamos em impermeabiliza\u00e7\u00e3o de estruturas, terra\u00e7os ou grandes \u00e1reas.<\/p>\n<hr \/>\n<p>O <strong>projeto de impermeabiliza\u00e7\u00e3o<\/strong> define, alem de detalhar material utilizado, a vida \u00fatil da obra, facilitando para s\u00edndicos e gestores do pr\u00e9dio, acompanhar e projetar a revis\u00e3o da \u00e1rea impermeabilizada.<\/p>\n<p>Outro aspecto importante \u00e9 facilitar a revis\u00e3o peri\u00f3dica da impermeabiliza\u00e7\u00e3o, uma vez que o projeto ir\u00e1 fornecer uma esp\u00e9cie de &#8220;Memorial descritivo&#8221; da obra, informando todos os par\u00e2metros necess\u00e1rios, seja produtos ou tecnologia aplicada e suas especifica\u00e7\u00f5es, possibilitando inclusive acionar garantia de ambos, por toda vida \u00fatil da obra.<\/p>\n<h2><a href=\"https:\/\/tixengenharia.com.br\/engenharia\/contatos\/\">Fale com a TIX ENGENHARIA e solicite uma visita t\u00e9cnica<\/a> ao seu condom\u00ednio ou ind\u00fastria um projeto de impermeabiliza\u00e7\u00e3o.<\/h2>\n<hr \/>\n<p><a href=\"http:\/\/tixengenharia.com.br\/engenharia\/obras-em-destaque\/\" target=\"_blank\" rel=\"noopener noreferrer\"><img loading=\"lazy\" class=\"aligncenter wp-image-841 size-full\" title=\"Tix Engenharia Impermeabiliza\u00e7\u00e3o\" src=\"https:\/\/tixengenharia.com.br\/engenharia\/wp-content\/uploads\/2019\/11\/ban3.jpg\" alt=\"IMPERMEABILIZA\u00c7\u00c3O LONDRINA E MARING\u00c1\" width=\"730\" height=\"190\" srcset=\"https:\/\/tixengenharia.com.br\/engenharia\/wp-content\/uploads\/2019\/11\/ban3.jpg 730w, https:\/\/tixengenharia.com.br\/engenharia\/wp-content\/uploads\/2019\/11\/ban3-300x78.jpg 300w\" sizes=\"(max-width: 730px) 100vw, 730px\" \/><\/a><\/p>\n","protected":false},"excerpt":{"rendered":"<div class=\"slide-text-bg2\"><span>Por que fazer um Projeto de Impermeabiliza\u00e7\u00e3o? Uma impermeabiliza\u00e7\u00e3o predial, sobretudo em condom\u00ednios, envolve um investimento consider\u00e1vel que afet<\/span><\/div>\n<div class=\"slide-btn-area-sm\"><a href=\"https:\/\/tixengenharia.com.br\/engenharia\/projeto-de-impermeabilizacao\/\" class=\"slide-btn-sm\">Ler mais<\/a><\/div>\n","protected":false},"author":1,"featured_media":0,"parent":0,"menu_order":0,"comment_status":"closed","ping_status":"closed","template":"","meta":{"_links_to":"","_links_to_target":""},"yoast_head":"<!-- This site is optimized with the Yoast SEO plugin v17.8 - https:\/\/yoast.com\/wordpress\/plugins\/seo\/ -->\n<title>Impermeabiliza\u00e7\u00e3o Recupera\u00e7\u00e3o Estrutural TIX ENGENHARIA<\/title>\n<meta name=\"description\" content=\"Impermeabiliza\u00e7\u00e3o, refor\u00e7o estrutural, revestimento anticorrosivos s\u00e3o especialidades da TIX ENGENHARIA, obras de todos os portes em todo Brasil.\" \/>\n<meta name=\"robots\" content=\"index, follow, max-snippet:-1, max-image-preview:large, max-video-preview:-1\" \/>\n<link rel=\"canonical\" href=\"https:\/\/tixengenharia.com.br\/engenharia\/projeto-de-impermeabilizacao\/\" \/>\n<meta property=\"og:locale\" content=\"pt_BR\" \/>\n<meta property=\"og:type\" content=\"article\" \/>\n<meta property=\"og:title\" content=\"Impermeabiliza\u00e7\u00e3o Recupera\u00e7\u00e3o Estrutural TIX ENGENHARIA\" \/>\n<meta property=\"og:description\" content=\"Impermeabiliza\u00e7\u00e3o, refor\u00e7o estrutural, revestimento anticorrosivos s\u00e3o especialidades da TIX ENGENHARIA, obras de todos os portes em todo Brasil.\" \/>\n<meta property=\"og:url\" content=\"https:\/\/tixengenharia.com.br\/engenharia\/projeto-de-impermeabilizacao\/\" \/>\n<meta property=\"og:site_name\" content=\"Tix Engenharia e Impermeabiliza\u00e7\u00e3o\" \/>\n<meta property=\"article:modified_time\" content=\"2019-11-29T17:11:12+00:00\" \/>\n<meta property=\"og:image\" content=\"https:\/\/tixengenharia.com.br\/engenharia\/wp-content\/uploads\/2019\/11\/ban3.jpg\" \/>\n<meta name=\"twitter:card\" content=\"summary\" \/>\n<meta name=\"twitter:label1\" content=\"Est. tempo de leitura\" \/>\n\t<meta name=\"twitter:data1\" content=\"1 minuto\" \/>\n<script type=\"application\/ld+json\" class=\"yoast-schema-graph\">{\"@context\":\"https:\/\/schema.org\",\"@graph\":[{\"@type\":\"WebSite\",\"@id\":\"https:\/\/tixengenharia.com.br\/engenharia\/#website\",\"url\":\"https:\/\/tixengenharia.com.br\/engenharia\/\",\"name\":\"Tix Engenharia e Impermeabiliza\\u00e7\\u00e3o\",\"description\":\"Impermeabiliza\\u00e7\\u00e3o e Recupera\\u00e7\\u00e3o Estrutural - Tix Engenharia\",\"potentialAction\":[{\"@type\":\"SearchAction\",\"target\":{\"@type\":\"EntryPoint\",\"urlTemplate\":\"https:\/\/tixengenharia.com.br\/engenharia\/?s={search_term_string}\"},\"query-input\":\"required name=search_term_string\"}],\"inLanguage\":\"pt-BR\"},{\"@type\":\"ImageObject\",\"@id\":\"https:\/\/tixengenharia.com.br\/engenharia\/projeto-de-impermeabilizacao\/#primaryimage\",\"inLanguage\":\"pt-BR\",\"url\":\"https:\/\/tixengenharia.com.br\/engenharia\/wp-content\/uploads\/2019\/11\/ban3.jpg\",\"contentUrl\":\"https:\/\/tixengenharia.com.br\/engenharia\/wp-content\/uploads\/2019\/11\/ban3.jpg\",\"width\":730,\"height\":190},{\"@type\":\"WebPage\",\"@id\":\"https:\/\/tixengenharia.com.br\/engenharia\/projeto-de-impermeabilizacao\/#webpage\",\"url\":\"https:\/\/tixengenharia.com.br\/engenharia\/projeto-de-impermeabilizacao\/\",\"name\":\"Impermeabiliza\\u00e7\\u00e3o Recupera\\u00e7\\u00e3o Estrutural TIX ENGENHARIA\",\"isPartOf\":{\"@id\":\"https:\/\/tixengenharia.com.br\/engenharia\/#website\"},\"primaryImageOfPage\":{\"@id\":\"https:\/\/tixengenharia.com.br\/engenharia\/projeto-de-impermeabilizacao\/#primaryimage\"},\"datePublished\":\"2019-10-23T14:22:38+00:00\",\"dateModified\":\"2019-11-29T17:11:12+00:00\",\"description\":\"Impermeabiliza\\u00e7\\u00e3o, refor\\u00e7o estrutural, revestimento anticorrosivos s\\u00e3o especialidades da TIX ENGENHARIA, obras de todos os portes em todo Brasil.\",\"breadcrumb\":{\"@id\":\"https:\/\/tixengenharia.com.br\/engenharia\/projeto-de-impermeabilizacao\/#breadcrumb\"},\"inLanguage\":\"pt-BR\",\"potentialAction\":[{\"@type\":\"ReadAction\",\"target\":[\"https:\/\/tixengenharia.com.br\/engenharia\/projeto-de-impermeabilizacao\/\"]}]},{\"@type\":\"BreadcrumbList\",\"@id\":\"https:\/\/tixengenharia.com.br\/engenharia\/projeto-de-impermeabilizacao\/#breadcrumb\",\"itemListElement\":[{\"@type\":\"ListItem\",\"position\":1,\"name\":\"In\\u00edcio\",\"item\":\"https:\/\/tixengenharia.com.br\/engenharia\/\"},{\"@type\":\"ListItem\",\"position\":2,\"name\":\"Projeto de Impermeabiliza\\u00e7\\u00e3o\"}]}]}<\/script>\n<!-- \/ Yoast SEO plugin. -->","yoast_head_json":{"title":"Impermeabiliza\u00e7\u00e3o Recupera\u00e7\u00e3o Estrutural TIX ENGENHARIA","description":"Impermeabiliza\u00e7\u00e3o, refor\u00e7o estrutural, revestimento anticorrosivos s\u00e3o especialidades da TIX ENGENHARIA, obras de todos os portes em todo Brasil.","robots":{"index":"index","follow":"follow","max-snippet":"max-snippet:-1","max-image-preview":"max-image-preview:large","max-video-preview":"max-video-preview:-1"},"canonical":"https:\/\/tixengenharia.com.br\/engenharia\/projeto-de-impermeabilizacao\/","og_locale":"pt_BR","og_type":"article","og_title":"Impermeabiliza\u00e7\u00e3o Recupera\u00e7\u00e3o Estrutural TIX ENGENHARIA","og_description":"Impermeabiliza\u00e7\u00e3o, refor\u00e7o estrutural, revestimento anticorrosivos s\u00e3o especialidades da TIX ENGENHARIA, obras de todos os portes em todo Brasil.","og_url":"https:\/\/tixengenharia.com.br\/engenharia\/projeto-de-impermeabilizacao\/","og_site_name":"Tix Engenharia e Impermeabiliza\u00e7\u00e3o","article_modified_time":"2019-11-29T17:11:12+00:00","og_image":[{"url":"https:\/\/tixengenharia.com.br\/engenharia\/wp-content\/uploads\/2019\/11\/ban3.jpg"}],"twitter_card":"summary","twitter_misc":{"Est. tempo de leitura":"1 minuto"},"schema":{"@context":"https:\/\/schema.org","@graph":[{"@type":"WebSite","@id":"https:\/\/tixengenharia.com.br\/engenharia\/#website","url":"https:\/\/tixengenharia.com.br\/engenharia\/","name":"Tix Engenharia e Impermeabiliza\u00e7\u00e3o","description":"Impermeabiliza\u00e7\u00e3o e Recupera\u00e7\u00e3o Estrutural - Tix Engenharia","potentialAction":[{"@type":"SearchAction","target":{"@type":"EntryPoint","urlTemplate":"https:\/\/tixengenharia.com.br\/engenharia\/?s={search_term_string}"},"query-input":"required name=search_term_string"}],"inLanguage":"pt-BR"},{"@type":"ImageObject","@id":"https:\/\/tixengenharia.com.br\/engenharia\/projeto-de-impermeabilizacao\/#primaryimage","inLanguage":"pt-BR","url":"https:\/\/tixengenharia.com.br\/engenharia\/wp-content\/uploads\/2019\/11\/ban3.jpg","contentUrl":"https:\/\/tixengenharia.com.br\/engenharia\/wp-content\/uploads\/2019\/11\/ban3.jpg","width":730,"height":190},{"@type":"WebPage","@id":"https:\/\/tixengenharia.com.br\/engenharia\/projeto-de-impermeabilizacao\/#webpage","url":"https:\/\/tixengenharia.com.br\/engenharia\/projeto-de-impermeabilizacao\/","name":"Impermeabiliza\u00e7\u00e3o Recupera\u00e7\u00e3o Estrutural TIX ENGENHARIA","isPartOf":{"@id":"https:\/\/tixengenharia.com.br\/engenharia\/#website"},"primaryImageOfPage":{"@id":"https:\/\/tixengenharia.com.br\/engenharia\/projeto-de-impermeabilizacao\/#primaryimage"},"datePublished":"2019-10-23T14:22:38+00:00","dateModified":"2019-11-29T17:11:12+00:00","description":"Impermeabiliza\u00e7\u00e3o, refor\u00e7o estrutural, revestimento anticorrosivos s\u00e3o especialidades da TIX ENGENHARIA, obras de todos os portes em todo Brasil.","breadcrumb":{"@id":"https:\/\/tixengenharia.com.br\/engenharia\/projeto-de-impermeabilizacao\/#breadcrumb"},"inLanguage":"pt-BR","potentialAction":[{"@type":"ReadAction","target":["https:\/\/tixengenharia.com.br\/engenharia\/projeto-de-impermeabilizacao\/"]}]},{"@type":"BreadcrumbList","@id":"https:\/\/tixengenharia.com.br\/engenharia\/projeto-de-impermeabilizacao\/#breadcrumb","itemListElement":[{"@type":"ListItem","position":1,"name":"In\u00edcio","item":"https:\/\/tixengenharia.com.br\/engenharia\/"},{"@type":"ListItem","position":2,"name":"Projeto de Impermeabiliza\u00e7\u00e3o"}]}]}},"_links":{"self":[{"href":"https:\/\/tixengenharia.com.br\/engenharia\/wp-json\/wp\/v2\/pages\/824"}],"collection":[{"href":"https:\/\/tixengenharia.com.br\/engenharia\/wp-json\/wp\/v2\/pages"}],"about":[{"href":"https:\/\/tixengenharia.com.br\/engenharia\/wp-json\/wp\/v2\/types\/page"}],"author":[{"embeddable":true,"href":"https:\/\/tixengenharia.com.br\/engenharia\/wp-json\/wp\/v2\/users\/1"}],"replies":[{"embeddable":true,"href":"https:\/\/tixengenharia.com.br\/engenharia\/wp-json\/wp\/v2\/comments?post=824"}],"version-history":[{"count":4,"href":"https:\/\/tixengenharia.com.br\/engenharia\/wp-json\/wp\/v2\/pages\/824\/revisions"}],"predecessor-version":[{"id":846,"href":"https:\/\/tixengenharia.com.br\/engenharia\/wp-json\/wp\/v2\/pages\/824\/revisions\/846"}],"wp:attachment":[{"href":"https:\/\/tixengenharia.com.br\/engenharia\/wp-json\/wp\/v2\/media?parent=824"}],"curies":[{"name":"wp","href":"https:\/\/api.w.org\/{rel}","templated":true}]}}