{"id":82,"date":"2015-10-17T12:22:04","date_gmt":"2015-10-17T15:22:04","guid":{"rendered":"http:\/\/tixengenharia.com.br\/engenharia\/?page_id=82"},"modified":"2018-02-23T13:17:49","modified_gmt":"2018-02-23T16:17:49","slug":"parcerias","status":"publish","type":"page","link":"https:\/\/tixengenharia.com.br\/engenharia\/parcerias\/","title":{"rendered":"Parcerias"},"content":{"rendered":"<p style=\"text-align: justify;\">A <strong>TIX ENGENHARIA E IMPERMEABILIZA\u00c7\u00c3O<\/strong><strong><a href=\"http:\/\/tixengenharia.com.br\/engenharia\">\u00a0<\/a><\/strong>possui extenso know-how t\u00e9cnico, mantido tamb\u00e9m em conson\u00e2ncia com as mudan\u00e7as cont\u00ednuas de mercado e com parcerias duradouras com os mais proeminentes fornecedores de materiais para a execu\u00e7\u00e3o dos servi\u00e7os. Integram nosso quadro de\u00a0fornecedores e parceiros t\u00e9cnicos Viapol, Denver, IHiper,Penetron, Uniontech, Tecnolita, dentre outros,\u00a0dos quais\u00a0destacamos:<\/p>\n<p style=\"text-align: justify;\"><div class=\"su-custom-gallery su-custom-gallery-title-hover\"><div class=\"su-custom-gallery-slide\"><a href=\"https:\/\/tixengenharia.com.br\/engenharia\/parcerias\/tecnolita\/\" title=\"&lt;a href=&quot;http:\/\/www.tecnolita.com.br\/&quot; target=&quot;blank&quot;&gt;&lt;strong&gt; TECNOLITA&lt;\/strong&gt; &lt;\/a&gt;\"><img src=\"https:\/\/tixengenharia.com.br\/engenharia\/wp-content\/uploads\/2015\/10\/tecnolita-150x150.jpg\" alt=\"&lt;a href=&quot;http:\/\/www.tecnolita.com.br\/&quot; target=&quot;blank&quot;&gt;&lt;strong&gt; TECNOLITA&lt;\/strong&gt; &lt;\/a&gt;\" width=\"150\" height=\"150\" \/><span class=\"su-custom-gallery-title\"><a href=\"http:\/\/www.tecnolita.com.br\/\" target=\"blank\"><strong> TECNOLITA<\/strong> <\/a><\/span><\/a><\/div><div class=\"su-custom-gallery-slide\"><a href=\"https:\/\/tixengenharia.com.br\/engenharia\/parcerias\/viapol-2\/\" title=\"&lt;a href=&quot;http:\/\/www.viapol.com.br\/&quot; target=&quot;blank&quot;&gt;&lt;strong&gt; VIAPOL&lt;\/strong&gt; &lt;\/a&gt;\"><img src=\"https:\/\/tixengenharia.com.br\/engenharia\/wp-content\/uploads\/2015\/10\/viapol1-150x150.jpg\" alt=\"&lt;a href=&quot;http:\/\/www.viapol.com.br\/&quot; target=&quot;blank&quot;&gt;&lt;strong&gt; VIAPOL&lt;\/strong&gt; &lt;\/a&gt;\" width=\"150\" height=\"150\" \/><span class=\"su-custom-gallery-title\"><a href=\"http:\/\/www.viapol.com.br\/\" target=\"blank\"><strong> VIAPOL<\/strong> <\/a><\/span><\/a><\/div><div class=\"su-custom-gallery-slide\"><a href=\"https:\/\/tixengenharia.com.br\/engenharia\/parcerias\/ihiper-2\/\" title=\"&lt;a href=&quot;http:\/\/www.ihiper.com.br\/&quot; target=&quot;blank&quot;&gt;&lt;strong&gt; IHIPER&lt;\/strong&gt; &lt;\/a&gt;\"><img src=\"https:\/\/tixengenharia.com.br\/engenharia\/wp-content\/uploads\/2015\/10\/ihiper1-150x150.jpg\" alt=\"&lt;a href=&quot;http:\/\/www.ihiper.com.br\/&quot; target=&quot;blank&quot;&gt;&lt;strong&gt; IHIPER&lt;\/strong&gt; &lt;\/a&gt;\" width=\"150\" height=\"150\" \/><span class=\"su-custom-gallery-title\"><a href=\"http:\/\/www.ihiper.com.br\/\" target=\"blank\"><strong> IHIPER<\/strong> <\/a><\/span><\/a><\/div><div class=\"su-custom-gallery-slide\"><a href=\"https:\/\/tixengenharia.com.br\/engenharia\/parcerias\/denver-2\/\" title=\"&lt;a href=&quot;http:\/\/www.denverimper.com.br\/&quot; target=&quot;blank&quot;&gt; &lt;strong&gt; DENVER IMPER&lt;\/strong&gt; &lt;\/a&gt;\"><img src=\"https:\/\/tixengenharia.com.br\/engenharia\/wp-content\/uploads\/2015\/10\/denver1-150x150.jpg\" alt=\"&lt;a href=&quot;http:\/\/www.denverimper.com.br\/&quot; target=&quot;blank&quot;&gt; &lt;strong&gt; DENVER IMPER&lt;\/strong&gt; &lt;\/a&gt;\" width=\"150\" height=\"150\" \/><span class=\"su-custom-gallery-title\"><a href=\"http:\/\/www.denverimper.com.br\/\" target=\"blank\"> <strong> DENVER IMPER<\/strong> <\/a><\/span><\/a><\/div><div class=\"su-custom-gallery-slide\"><a href=\"https:\/\/tixengenharia.com.br\/engenharia\/parcerias\/penetron-2\/\" title=\"&lt;a href=&quot;http:\/\/www.penetron.com.br\/&quot; target=&quot;blank&quot;&gt;&lt;strong&gt;PENETRON&lt;\/strong&gt;&lt;\/a&gt;\"><img src=\"https:\/\/tixengenharia.com.br\/engenharia\/wp-content\/uploads\/2015\/10\/penetron1-150x150.jpg\" alt=\"&lt;a href=&quot;http:\/\/www.penetron.com.br\/&quot; target=&quot;blank&quot;&gt;&lt;strong&gt;PENETRON&lt;\/strong&gt;&lt;\/a&gt;\" width=\"150\" height=\"150\" \/><span class=\"su-custom-gallery-title\"><a href=\"http:\/\/www.penetron.com.br\/\" target=\"blank\"><strong>PENETRON<\/strong><\/a><\/span><\/a><\/div><div class=\"su-custom-gallery-slide\"><a href=\"https:\/\/tixengenharia.com.br\/engenharia\/parcerias\/uniontech-2\/\" title=\"&lt;a href=&quot;http:\/\/www.uniontech.com.br\/\/&quot; target=&quot;blank&quot;&gt; &lt;strong&gt;UNIONTECH&lt;\/strong&gt;&lt;\/a&gt;\"><img src=\"https:\/\/tixengenharia.com.br\/engenharia\/wp-content\/uploads\/2015\/10\/uniontech1-150x150.jpg\" alt=\"&lt;a href=&quot;http:\/\/www.uniontech.com.br\/\/&quot; target=&quot;blank&quot;&gt; &lt;strong&gt;UNIONTECH&lt;\/strong&gt;&lt;\/a&gt;\" width=\"150\" height=\"150\" \/><span class=\"su-custom-gallery-title\"><a href=\"http:\/\/www.uniontech.com.br\/\/\" target=\"blank\"> <strong>UNIONTECH<\/strong><\/a><\/span><\/a><\/div><div class=\"su-clear\"><\/div><\/div>\n<p style=\"text-align: justify;\">\n<hr \/>\n<p>&nbsp;<\/p>\n<p><strong>A\u00a0<a href=\"http:\/\/tixengenharia.com.br\/engenharia\">TIX ENGENHARIA<\/a>\u00a0e Impermeabiliza\u00e7\u00e3o \u00e9 associada ao\u00a0<a href=\"http:\/\/ibibrasil.org.br\/\" target=\"_blank\" rel=\"noopener noreferrer\">IBI &#8211; instituto Brasileiro de impermeabiliza\u00e7\u00e3o<\/a>,\u00a0<a href=\"http:\/\/www.crea-pr.org.br\">CREA- PR<\/a>,\u00a0\u00a0<\/strong><strong><a href=\"http:\/\/www.sinduscon-nortepr.com.br\/\" target=\"_blank\" rel=\"noopener noreferrer\">SINDUSCON Norte-PR<\/a>\u00a0e\u00a0<a href=\"http:\/\/ceal-londrina.com.br\" target=\"_blank\" rel=\"noopener noreferrer\">CEAL &#8211; Clube de Engenharia e Arquitetura de Londrina.<\/a><\/strong><\/p>\n<p><img loading=\"lazy\" class=\"size-full wp-image-691 alignnone\" src=\"http:\/\/tixengenharia.com.br\/engenharia\/wp-content\/uploads\/2015\/10\/banner.gif\" alt=\"\" width=\"620\" height=\"92\" \/><\/p>\n<p>&nbsp;<\/p>\n","protected":false},"excerpt":{"rendered":"<div class=\"slide-text-bg2\"><span>A TIX ENGENHARIA E IMPERMEABILIZA\u00c7\u00c3O\u00a0possui extenso know-how t\u00e9cnico, mantido tamb\u00e9m em conson\u00e2ncia com as mudan\u00e7as cont\u00ednuas de mercado e com parc<\/span><\/div>\n<div class=\"slide-btn-area-sm\"><a href=\"https:\/\/tixengenharia.com.br\/engenharia\/parcerias\/\" class=\"slide-btn-sm\">Ler mais<\/a><\/div>\n","protected":false},"author":1,"featured_media":0,"parent":0,"menu_order":7,"comment_status":"closed","ping_status":"closed","template":"","meta":{"_links_to":"","_links_to_target":""},"yoast_head":"<!-- This site is optimized with the Yoast SEO plugin v17.8 - https:\/\/yoast.com\/wordpress\/plugins\/seo\/ -->\n<title>Impermeabiliza\u00e7\u00e3o Recupera\u00e7\u00e3o Estrutural TIX ENGENHARIA<\/title>\n<meta name=\"description\" content=\"Impermeabiliza\u00e7\u00e3o, refor\u00e7o estrutural, revestimento anticorrosivos s\u00e3o especialidades da TIX ENGENHARIA, obras de todos os portes em todo Brasil.\" \/>\n<meta name=\"robots\" content=\"index, follow, max-snippet:-1, max-image-preview:large, max-video-preview:-1\" \/>\n<link rel=\"canonical\" href=\"https:\/\/tixengenharia.com.br\/engenharia\/parcerias\/\" \/>\n<meta property=\"og:locale\" content=\"pt_BR\" \/>\n<meta property=\"og:type\" content=\"article\" \/>\n<meta property=\"og:title\" content=\"Impermeabiliza\u00e7\u00e3o Recupera\u00e7\u00e3o Estrutural TIX ENGENHARIA\" \/>\n<meta property=\"og:description\" content=\"Impermeabiliza\u00e7\u00e3o, refor\u00e7o estrutural, revestimento anticorrosivos s\u00e3o especialidades da TIX ENGENHARIA, obras de todos os portes em todo Brasil.\" \/>\n<meta property=\"og:url\" content=\"https:\/\/tixengenharia.com.br\/engenharia\/parcerias\/\" \/>\n<meta property=\"og:site_name\" content=\"Tix Engenharia e Impermeabiliza\u00e7\u00e3o\" \/>\n<meta property=\"article:modified_time\" content=\"2018-02-23T16:17:49+00:00\" \/>\n<meta property=\"og:image\" content=\"http:\/\/tixengenharia.com.br\/engenharia\/wp-content\/uploads\/2015\/10\/banner.gif\" \/>\n<meta name=\"twitter:card\" content=\"summary\" \/>\n<meta name=\"twitter:label1\" content=\"Est. tempo de leitura\" \/>\n\t<meta name=\"twitter:data1\" content=\"1 minuto\" \/>\n<script type=\"application\/ld+json\" class=\"yoast-schema-graph\">{\"@context\":\"https:\/\/schema.org\",\"@graph\":[{\"@type\":\"WebSite\",\"@id\":\"https:\/\/tixengenharia.com.br\/engenharia\/#website\",\"url\":\"https:\/\/tixengenharia.com.br\/engenharia\/\",\"name\":\"Tix Engenharia e Impermeabiliza\\u00e7\\u00e3o\",\"description\":\"Impermeabiliza\\u00e7\\u00e3o e Recupera\\u00e7\\u00e3o Estrutural - Tix Engenharia\",\"potentialAction\":[{\"@type\":\"SearchAction\",\"target\":{\"@type\":\"EntryPoint\",\"urlTemplate\":\"https:\/\/tixengenharia.com.br\/engenharia\/?s={search_term_string}\"},\"query-input\":\"required name=search_term_string\"}],\"inLanguage\":\"pt-BR\"},{\"@type\":\"ImageObject\",\"@id\":\"https:\/\/tixengenharia.com.br\/engenharia\/parcerias\/#primaryimage\",\"inLanguage\":\"pt-BR\",\"url\":\"http:\/\/tixengenharia.com.br\/engenharia\/wp-content\/uploads\/2015\/10\/banner.gif\",\"contentUrl\":\"http:\/\/tixengenharia.com.br\/engenharia\/wp-content\/uploads\/2015\/10\/banner.gif\"},{\"@type\":\"WebPage\",\"@id\":\"https:\/\/tixengenharia.com.br\/engenharia\/parcerias\/#webpage\",\"url\":\"https:\/\/tixengenharia.com.br\/engenharia\/parcerias\/\",\"name\":\"Impermeabiliza\\u00e7\\u00e3o Recupera\\u00e7\\u00e3o Estrutural TIX ENGENHARIA\",\"isPartOf\":{\"@id\":\"https:\/\/tixengenharia.com.br\/engenharia\/#website\"},\"primaryImageOfPage\":{\"@id\":\"https:\/\/tixengenharia.com.br\/engenharia\/parcerias\/#primaryimage\"},\"datePublished\":\"2015-10-17T15:22:04+00:00\",\"dateModified\":\"2018-02-23T16:17:49+00:00\",\"description\":\"Impermeabiliza\\u00e7\\u00e3o, refor\\u00e7o estrutural, revestimento anticorrosivos s\\u00e3o especialidades da TIX ENGENHARIA, obras de todos os portes em todo Brasil.\",\"breadcrumb\":{\"@id\":\"https:\/\/tixengenharia.com.br\/engenharia\/parcerias\/#breadcrumb\"},\"inLanguage\":\"pt-BR\",\"potentialAction\":[{\"@type\":\"ReadAction\",\"target\":[\"https:\/\/tixengenharia.com.br\/engenharia\/parcerias\/\"]}]},{\"@type\":\"BreadcrumbList\",\"@id\":\"https:\/\/tixengenharia.com.br\/engenharia\/parcerias\/#breadcrumb\",\"itemListElement\":[{\"@type\":\"ListItem\",\"position\":1,\"name\":\"In\\u00edcio\",\"item\":\"https:\/\/tixengenharia.com.br\/engenharia\/\"},{\"@type\":\"ListItem\",\"position\":2,\"name\":\"Parcerias\"}]}]}<\/script>\n<!-- \/ Yoast SEO plugin. -->","yoast_head_json":{"title":"Impermeabiliza\u00e7\u00e3o Recupera\u00e7\u00e3o Estrutural TIX ENGENHARIA","description":"Impermeabiliza\u00e7\u00e3o, refor\u00e7o estrutural, revestimento anticorrosivos s\u00e3o especialidades da TIX ENGENHARIA, obras de todos os portes em todo Brasil.","robots":{"index":"index","follow":"follow","max-snippet":"max-snippet:-1","max-image-preview":"max-image-preview:large","max-video-preview":"max-video-preview:-1"},"canonical":"https:\/\/tixengenharia.com.br\/engenharia\/parcerias\/","og_locale":"pt_BR","og_type":"article","og_title":"Impermeabiliza\u00e7\u00e3o Recupera\u00e7\u00e3o Estrutural TIX ENGENHARIA","og_description":"Impermeabiliza\u00e7\u00e3o, refor\u00e7o estrutural, revestimento anticorrosivos s\u00e3o especialidades da TIX ENGENHARIA, obras de todos os portes em todo Brasil.","og_url":"https:\/\/tixengenharia.com.br\/engenharia\/parcerias\/","og_site_name":"Tix Engenharia e Impermeabiliza\u00e7\u00e3o","article_modified_time":"2018-02-23T16:17:49+00:00","og_image":[{"url":"http:\/\/tixengenharia.com.br\/engenharia\/wp-content\/uploads\/2015\/10\/banner.gif"}],"twitter_card":"summary","twitter_misc":{"Est. tempo de leitura":"1 minuto"},"schema":{"@context":"https:\/\/schema.org","@graph":[{"@type":"WebSite","@id":"https:\/\/tixengenharia.com.br\/engenharia\/#website","url":"https:\/\/tixengenharia.com.br\/engenharia\/","name":"Tix Engenharia e Impermeabiliza\u00e7\u00e3o","description":"Impermeabiliza\u00e7\u00e3o e Recupera\u00e7\u00e3o Estrutural - Tix Engenharia","potentialAction":[{"@type":"SearchAction","target":{"@type":"EntryPoint","urlTemplate":"https:\/\/tixengenharia.com.br\/engenharia\/?s={search_term_string}"},"query-input":"required name=search_term_string"}],"inLanguage":"pt-BR"},{"@type":"ImageObject","@id":"https:\/\/tixengenharia.com.br\/engenharia\/parcerias\/#primaryimage","inLanguage":"pt-BR","url":"http:\/\/tixengenharia.com.br\/engenharia\/wp-content\/uploads\/2015\/10\/banner.gif","contentUrl":"http:\/\/tixengenharia.com.br\/engenharia\/wp-content\/uploads\/2015\/10\/banner.gif"},{"@type":"WebPage","@id":"https:\/\/tixengenharia.com.br\/engenharia\/parcerias\/#webpage","url":"https:\/\/tixengenharia.com.br\/engenharia\/parcerias\/","name":"Impermeabiliza\u00e7\u00e3o Recupera\u00e7\u00e3o Estrutural TIX ENGENHARIA","isPartOf":{"@id":"https:\/\/tixengenharia.com.br\/engenharia\/#website"},"primaryImageOfPage":{"@id":"https:\/\/tixengenharia.com.br\/engenharia\/parcerias\/#primaryimage"},"datePublished":"2015-10-17T15:22:04+00:00","dateModified":"2018-02-23T16:17:49+00:00","description":"Impermeabiliza\u00e7\u00e3o, refor\u00e7o estrutural, revestimento anticorrosivos s\u00e3o especialidades da TIX ENGENHARIA, obras de todos os portes em todo Brasil.","breadcrumb":{"@id":"https:\/\/tixengenharia.com.br\/engenharia\/parcerias\/#breadcrumb"},"inLanguage":"pt-BR","potentialAction":[{"@type":"ReadAction","target":["https:\/\/tixengenharia.com.br\/engenharia\/parcerias\/"]}]},{"@type":"BreadcrumbList","@id":"https:\/\/tixengenharia.com.br\/engenharia\/parcerias\/#breadcrumb","itemListElement":[{"@type":"ListItem","position":1,"name":"In\u00edcio","item":"https:\/\/tixengenharia.com.br\/engenharia\/"},{"@type":"ListItem","position":2,"name":"Parcerias"}]}]}},"_links":{"self":[{"href":"https:\/\/tixengenharia.com.br\/engenharia\/wp-json\/wp\/v2\/pages\/82"}],"collection":[{"href":"https:\/\/tixengenharia.com.br\/engenharia\/wp-json\/wp\/v2\/pages"}],"about":[{"href":"https:\/\/tixengenharia.com.br\/engenharia\/wp-json\/wp\/v2\/types\/page"}],"author":[{"embeddable":true,"href":"https:\/\/tixengenharia.com.br\/engenharia\/wp-json\/wp\/v2\/users\/1"}],"replies":[{"embeddable":true,"href":"https:\/\/tixengenharia.com.br\/engenharia\/wp-json\/wp\/v2\/comments?post=82"}],"version-history":[{"count":16,"href":"https:\/\/tixengenharia.com.br\/engenharia\/wp-json\/wp\/v2\/pages\/82\/revisions"}],"predecessor-version":[{"id":697,"href":"https:\/\/tixengenharia.com.br\/engenharia\/wp-json\/wp\/v2\/pages\/82\/revisions\/697"}],"wp:attachment":[{"href":"https:\/\/tixengenharia.com.br\/engenharia\/wp-json\/wp\/v2\/media?parent=82"}],"curies":[{"name":"wp","href":"https:\/\/api.w.org\/{rel}","templated":true}]}}