{"id":817,"date":"2019-10-23T10:57:18","date_gmt":"2019-10-23T13:57:18","guid":{"rendered":"https:\/\/tixengenharia.com.br\/engenharia\/?page_id=817"},"modified":"2019-10-23T10:59:22","modified_gmt":"2019-10-23T13:59:22","slug":"inspecao-predial-e-laudo","status":"publish","type":"page","link":"https:\/\/tixengenharia.com.br\/engenharia\/inspecao-predial-e-laudo\/","title":{"rendered":"Inspe\u00e7\u00e3o Predial e Laudo"},"content":{"rendered":"<h2>Inspe\u00e7\u00e3o Predial e Laudo t\u00e9cnico<\/h2>\n<p>A Tix Engenharia tem ampla experi\u00eancia em avalia\u00e7\u00e3o de estruturas em edifica\u00e7\u00f5es, disponibilizando servi\u00e7os de:<br \/>\n<div class=\"su-table su-table-alternate\">\n<table>\n<tbody>\n<tr>\n<td>Avalia\u00e7\u00e3o e Laudo T\u00e9cnico de Estruturas<\/td>\n<\/tr>\n<tr>\n<td>Laudos e Per\u00edcias de Engenharia<\/td>\n<\/tr>\n<tr>\n<td>Vistoria e Manuten\u00e7\u00e3o Predial Preventiva<\/td>\n<\/tr>\n<tr>\n<td>Inspe\u00e7\u00e3o de Estruturas<\/td>\n<\/tr>\n<tr>\n<td>Avalia\u00e7\u00e3o e Refor\u00e7o estrutural<\/td>\n<\/tr>\n<tr>\n<td>Refor\u00e7o Estrutural de edifica\u00e7\u00f5es<\/td>\n<\/tr>\n<\/tbody>\n<\/table>\n<\/div>\n<p>&nbsp;<\/p>\n<p>A <strong>TIX Engenharia<\/strong> \u00e9 especializada em <strong>Avalia\u00e7\u00e3o<\/strong>, <strong>Diagn\u00f3stico<\/strong> e <strong>Laudo T\u00e9cnico de Engenharia<\/strong>, bem como oferece servi\u00e7os espec\u00edficos de tratamento da patologia, visando a recupera\u00e7\u00e3o e boa manuten\u00e7\u00e3o de estrutura da edifica\u00e7\u00e3o.<\/p>\n<p>Alem de <strong>Avalia\u00e7\u00e3o e Laudo T\u00e9cnico de Estrutura<\/strong>, nossa empresa fornece servi\u00e7os de <strong>manuten\u00e7\u00e3o preventiva<\/strong> &#8211; avulsa ou peri\u00f3dica &#8211; para condom\u00ednios, incluindo <strong>inspe\u00e7\u00e3o e avalia\u00e7\u00e3o de vigas, pilotis, colunas e lajes<\/strong>, com respectivo <strong>Laudo T\u00e9cnico<\/strong>,\u00a0 atendendo com agilidade e efici\u00eancia a <strong>s\u00edndicos e condom\u00ednios<\/strong> nas cidades de <strong>Londrina<\/strong>, <strong>Maring\u00e1<\/strong>, <strong>Arapongas<\/strong>, <strong>Apucarana<\/strong> e cidades adjacentes.<\/p>\n<hr \/>\n<h3>Temos ampla experiencia, pre\u00e7os justos e servi\u00e7os de engenharia sob medida para avalia\u00e7\u00e3o e manuten\u00e7\u00e3o preventiva da sa\u00fade estrutural em seu condom\u00ednio. <a href=\"https:\/\/tixengenharia.com.br\/engenharia\/contatos\/\">Fale Conosco e solicite nossa visita t\u00e9cnica para or\u00e7amento<\/a>.<\/h3>\n<p><img loading=\"lazy\" class=\"wp-image-389 size-full\" src=\"https:\/\/tixengenharia.com.br\/engenharia\/wp-content\/uploads\/2015\/10\/banner11.jpg\" alt=\"Recupera\u00e7\u00e3o estrutural Tix Engenharia e Impermeabiliza\u00e7\u00e3o\" width=\"730\" height=\"190\" srcset=\"https:\/\/tixengenharia.com.br\/engenharia\/wp-content\/uploads\/2015\/10\/banner11.jpg 730w, https:\/\/tixengenharia.com.br\/engenharia\/wp-content\/uploads\/2015\/10\/banner11-300x78.jpg 300w\" sizes=\"(max-width: 730px) 100vw, 730px\" \/><\/p>\n","protected":false},"excerpt":{"rendered":"<div class=\"slide-text-bg2\"><span>Inspe\u00e7\u00e3o Predial e Laudo t\u00e9cnico A Tix Engenharia tem ampla experi\u00eancia em avalia\u00e7\u00e3o de estruturas em edifica\u00e7\u00f5es, disponibilizando servi\u00e7os de: &#038;<\/span><\/div>\n<div class=\"slide-btn-area-sm\"><a href=\"https:\/\/tixengenharia.com.br\/engenharia\/inspecao-predial-e-laudo\/\" class=\"slide-btn-sm\">Ler mais<\/a><\/div>\n","protected":false},"author":1,"featured_media":0,"parent":0,"menu_order":0,"comment_status":"closed","ping_status":"closed","template":"","meta":{"_links_to":"","_links_to_target":""},"yoast_head":"<!-- This site is optimized with the Yoast SEO plugin v17.8 - https:\/\/yoast.com\/wordpress\/plugins\/seo\/ -->\n<title>Impermeabiliza\u00e7\u00e3o Recupera\u00e7\u00e3o Estrutural TIX ENGENHARIA<\/title>\n<meta name=\"description\" content=\"Impermeabiliza\u00e7\u00e3o, refor\u00e7o estrutural, revestimento anticorrosivos s\u00e3o especialidades da TIX ENGENHARIA, obras de todos os portes em todo Brasil.\" \/>\n<meta name=\"robots\" content=\"index, follow, max-snippet:-1, max-image-preview:large, max-video-preview:-1\" \/>\n<link rel=\"canonical\" href=\"https:\/\/tixengenharia.com.br\/engenharia\/inspecao-predial-e-laudo\/\" \/>\n<meta property=\"og:locale\" content=\"pt_BR\" \/>\n<meta property=\"og:type\" content=\"article\" \/>\n<meta property=\"og:title\" content=\"Impermeabiliza\u00e7\u00e3o Recupera\u00e7\u00e3o Estrutural TIX ENGENHARIA\" \/>\n<meta property=\"og:description\" content=\"Impermeabiliza\u00e7\u00e3o, refor\u00e7o estrutural, revestimento anticorrosivos s\u00e3o especialidades da TIX ENGENHARIA, obras de todos os portes em todo Brasil.\" \/>\n<meta property=\"og:url\" content=\"https:\/\/tixengenharia.com.br\/engenharia\/inspecao-predial-e-laudo\/\" \/>\n<meta property=\"og:site_name\" content=\"Tix Engenharia e Impermeabiliza\u00e7\u00e3o\" \/>\n<meta property=\"article:modified_time\" content=\"2019-10-23T13:59:22+00:00\" \/>\n<meta property=\"og:image\" content=\"https:\/\/tixengenharia.com.br\/engenharia\/wp-content\/uploads\/2015\/10\/banner11.jpg\" \/>\n<meta name=\"twitter:card\" content=\"summary\" \/>\n<meta name=\"twitter:label1\" content=\"Est. tempo de leitura\" \/>\n\t<meta name=\"twitter:data1\" content=\"1 minuto\" \/>\n<script type=\"application\/ld+json\" class=\"yoast-schema-graph\">{\"@context\":\"https:\/\/schema.org\",\"@graph\":[{\"@type\":\"WebSite\",\"@id\":\"https:\/\/tixengenharia.com.br\/engenharia\/#website\",\"url\":\"https:\/\/tixengenharia.com.br\/engenharia\/\",\"name\":\"Tix Engenharia e Impermeabiliza\\u00e7\\u00e3o\",\"description\":\"Impermeabiliza\\u00e7\\u00e3o e Recupera\\u00e7\\u00e3o Estrutural - Tix Engenharia\",\"potentialAction\":[{\"@type\":\"SearchAction\",\"target\":{\"@type\":\"EntryPoint\",\"urlTemplate\":\"https:\/\/tixengenharia.com.br\/engenharia\/?s={search_term_string}\"},\"query-input\":\"required name=search_term_string\"}],\"inLanguage\":\"pt-BR\"},{\"@type\":\"ImageObject\",\"@id\":\"https:\/\/tixengenharia.com.br\/engenharia\/inspecao-predial-e-laudo\/#primaryimage\",\"inLanguage\":\"pt-BR\",\"url\":\"https:\/\/tixengenharia.com.br\/engenharia\/wp-content\/uploads\/2015\/10\/banner11.jpg\",\"contentUrl\":\"https:\/\/tixengenharia.com.br\/engenharia\/wp-content\/uploads\/2015\/10\/banner11.jpg\",\"width\":730,\"height\":190,\"caption\":\"Recupera\\u00e7\\u00e3o estrutural \\u00e9 uma das especialidades disponibilidades pela Tix Engenharia!\"},{\"@type\":\"WebPage\",\"@id\":\"https:\/\/tixengenharia.com.br\/engenharia\/inspecao-predial-e-laudo\/#webpage\",\"url\":\"https:\/\/tixengenharia.com.br\/engenharia\/inspecao-predial-e-laudo\/\",\"name\":\"Impermeabiliza\\u00e7\\u00e3o Recupera\\u00e7\\u00e3o Estrutural TIX ENGENHARIA\",\"isPartOf\":{\"@id\":\"https:\/\/tixengenharia.com.br\/engenharia\/#website\"},\"primaryImageOfPage\":{\"@id\":\"https:\/\/tixengenharia.com.br\/engenharia\/inspecao-predial-e-laudo\/#primaryimage\"},\"datePublished\":\"2019-10-23T13:57:18+00:00\",\"dateModified\":\"2019-10-23T13:59:22+00:00\",\"description\":\"Impermeabiliza\\u00e7\\u00e3o, refor\\u00e7o estrutural, revestimento anticorrosivos s\\u00e3o especialidades da TIX ENGENHARIA, obras de todos os portes em todo Brasil.\",\"breadcrumb\":{\"@id\":\"https:\/\/tixengenharia.com.br\/engenharia\/inspecao-predial-e-laudo\/#breadcrumb\"},\"inLanguage\":\"pt-BR\",\"potentialAction\":[{\"@type\":\"ReadAction\",\"target\":[\"https:\/\/tixengenharia.com.br\/engenharia\/inspecao-predial-e-laudo\/\"]}]},{\"@type\":\"BreadcrumbList\",\"@id\":\"https:\/\/tixengenharia.com.br\/engenharia\/inspecao-predial-e-laudo\/#breadcrumb\",\"itemListElement\":[{\"@type\":\"ListItem\",\"position\":1,\"name\":\"In\\u00edcio\",\"item\":\"https:\/\/tixengenharia.com.br\/engenharia\/\"},{\"@type\":\"ListItem\",\"position\":2,\"name\":\"Inspe\\u00e7\\u00e3o Predial e Laudo\"}]}]}<\/script>\n<!-- \/ Yoast SEO plugin. -->","yoast_head_json":{"title":"Impermeabiliza\u00e7\u00e3o Recupera\u00e7\u00e3o Estrutural TIX ENGENHARIA","description":"Impermeabiliza\u00e7\u00e3o, refor\u00e7o estrutural, revestimento anticorrosivos s\u00e3o especialidades da TIX ENGENHARIA, obras de todos os portes em todo Brasil.","robots":{"index":"index","follow":"follow","max-snippet":"max-snippet:-1","max-image-preview":"max-image-preview:large","max-video-preview":"max-video-preview:-1"},"canonical":"https:\/\/tixengenharia.com.br\/engenharia\/inspecao-predial-e-laudo\/","og_locale":"pt_BR","og_type":"article","og_title":"Impermeabiliza\u00e7\u00e3o Recupera\u00e7\u00e3o Estrutural TIX ENGENHARIA","og_description":"Impermeabiliza\u00e7\u00e3o, refor\u00e7o estrutural, revestimento anticorrosivos s\u00e3o especialidades da TIX ENGENHARIA, obras de todos os portes em todo Brasil.","og_url":"https:\/\/tixengenharia.com.br\/engenharia\/inspecao-predial-e-laudo\/","og_site_name":"Tix Engenharia e Impermeabiliza\u00e7\u00e3o","article_modified_time":"2019-10-23T13:59:22+00:00","og_image":[{"url":"https:\/\/tixengenharia.com.br\/engenharia\/wp-content\/uploads\/2015\/10\/banner11.jpg"}],"twitter_card":"summary","twitter_misc":{"Est. tempo de leitura":"1 minuto"},"schema":{"@context":"https:\/\/schema.org","@graph":[{"@type":"WebSite","@id":"https:\/\/tixengenharia.com.br\/engenharia\/#website","url":"https:\/\/tixengenharia.com.br\/engenharia\/","name":"Tix Engenharia e Impermeabiliza\u00e7\u00e3o","description":"Impermeabiliza\u00e7\u00e3o e Recupera\u00e7\u00e3o Estrutural - Tix Engenharia","potentialAction":[{"@type":"SearchAction","target":{"@type":"EntryPoint","urlTemplate":"https:\/\/tixengenharia.com.br\/engenharia\/?s={search_term_string}"},"query-input":"required name=search_term_string"}],"inLanguage":"pt-BR"},{"@type":"ImageObject","@id":"https:\/\/tixengenharia.com.br\/engenharia\/inspecao-predial-e-laudo\/#primaryimage","inLanguage":"pt-BR","url":"https:\/\/tixengenharia.com.br\/engenharia\/wp-content\/uploads\/2015\/10\/banner11.jpg","contentUrl":"https:\/\/tixengenharia.com.br\/engenharia\/wp-content\/uploads\/2015\/10\/banner11.jpg","width":730,"height":190,"caption":"Recupera\u00e7\u00e3o estrutural \u00e9 uma das especialidades disponibilidades pela Tix Engenharia!"},{"@type":"WebPage","@id":"https:\/\/tixengenharia.com.br\/engenharia\/inspecao-predial-e-laudo\/#webpage","url":"https:\/\/tixengenharia.com.br\/engenharia\/inspecao-predial-e-laudo\/","name":"Impermeabiliza\u00e7\u00e3o Recupera\u00e7\u00e3o Estrutural TIX ENGENHARIA","isPartOf":{"@id":"https:\/\/tixengenharia.com.br\/engenharia\/#website"},"primaryImageOfPage":{"@id":"https:\/\/tixengenharia.com.br\/engenharia\/inspecao-predial-e-laudo\/#primaryimage"},"datePublished":"2019-10-23T13:57:18+00:00","dateModified":"2019-10-23T13:59:22+00:00","description":"Impermeabiliza\u00e7\u00e3o, refor\u00e7o estrutural, revestimento anticorrosivos s\u00e3o especialidades da TIX ENGENHARIA, obras de todos os portes em todo Brasil.","breadcrumb":{"@id":"https:\/\/tixengenharia.com.br\/engenharia\/inspecao-predial-e-laudo\/#breadcrumb"},"inLanguage":"pt-BR","potentialAction":[{"@type":"ReadAction","target":["https:\/\/tixengenharia.com.br\/engenharia\/inspecao-predial-e-laudo\/"]}]},{"@type":"BreadcrumbList","@id":"https:\/\/tixengenharia.com.br\/engenharia\/inspecao-predial-e-laudo\/#breadcrumb","itemListElement":[{"@type":"ListItem","position":1,"name":"In\u00edcio","item":"https:\/\/tixengenharia.com.br\/engenharia\/"},{"@type":"ListItem","position":2,"name":"Inspe\u00e7\u00e3o Predial e Laudo"}]}]}},"_links":{"self":[{"href":"https:\/\/tixengenharia.com.br\/engenharia\/wp-json\/wp\/v2\/pages\/817"}],"collection":[{"href":"https:\/\/tixengenharia.com.br\/engenharia\/wp-json\/wp\/v2\/pages"}],"about":[{"href":"https:\/\/tixengenharia.com.br\/engenharia\/wp-json\/wp\/v2\/types\/page"}],"author":[{"embeddable":true,"href":"https:\/\/tixengenharia.com.br\/engenharia\/wp-json\/wp\/v2\/users\/1"}],"replies":[{"embeddable":true,"href":"https:\/\/tixengenharia.com.br\/engenharia\/wp-json\/wp\/v2\/comments?post=817"}],"version-history":[{"count":4,"href":"https:\/\/tixengenharia.com.br\/engenharia\/wp-json\/wp\/v2\/pages\/817\/revisions"}],"predecessor-version":[{"id":822,"href":"https:\/\/tixengenharia.com.br\/engenharia\/wp-json\/wp\/v2\/pages\/817\/revisions\/822"}],"wp:attachment":[{"href":"https:\/\/tixengenharia.com.br\/engenharia\/wp-json\/wp\/v2\/media?parent=817"}],"curies":[{"name":"wp","href":"https:\/\/api.w.org\/{rel}","templated":true}]}}