{"id":64,"date":"2015-10-17T12:09:21","date_gmt":"2015-10-17T15:09:21","guid":{"rendered":"http:\/\/tixengenharia.com.br\/engenharia\/?page_id=64"},"modified":"2018-02-27T18:45:39","modified_gmt":"2018-02-27T21:45:39","slug":"solucoes-residenciais","status":"publish","type":"page","link":"https:\/\/tixengenharia.com.br\/engenharia\/onde-atuamos\/solucoes-residenciais\/","title":{"rendered":"Resid\u00eancias e condom\u00ednios"},"content":{"rendered":"<div id=\"attachment_362\" style=\"width: 740px\" class=\"wp-caption aligncenter\"><img aria-describedby=\"caption-attachment-362\" loading=\"lazy\" class=\"wp-image-362 size-full\" src=\"http:\/\/tixengenharia.com.br\/engenharia\/wp-content\/uploads\/2015\/10\/banner01.jpg\" alt=\"Tix Engenharia\" width=\"730\" height=\"190\" srcset=\"https:\/\/tixengenharia.com.br\/engenharia\/wp-content\/uploads\/2015\/10\/banner01.jpg 730w, https:\/\/tixengenharia.com.br\/engenharia\/wp-content\/uploads\/2015\/10\/banner01-300x78.jpg 300w\" sizes=\"(max-width: 730px) 100vw, 730px\" \/><p id=\"caption-attachment-362\" class=\"wp-caption-text\">A Tix Engenharia disponibiliza servi\u00e7os para seu condom\u00ednio ou resid\u00eancia!<\/p><\/div>\n<p style=\"text-align: justify;\">A <strong><a href=\"http:\/\/tixengenharia.com.br\/engenharia\">TIX ENGENHARIA E IMPERMEABILIZA\u00c7\u00c3O<\/a><\/strong>\u00a0disponibiliza servi\u00e7os para <strong>resid\u00eancias\u00a0<\/strong>e\u00a0<strong>condom\u00ednios<\/strong>, atuando\u00a0junto a arquitetos, s\u00edndicos e\u00a0clientes finais, com efici\u00eancia e agilidade, atrav\u00e9s de solu\u00e7\u00f5es\u00a0que incluem consultoria, projetos e servi\u00e7os t\u00e9cnicos\u00a0de:<\/p>\n<p><a  href=\"http:\/\/tixengenharia.com.br\/engenharia\/wp-content\/uploads\/2015\/10\/01.jpg\" data-rel=\"lightbox-gallery-0\" data-rl_title=\"Engenharia e Impermeabiliza\u00e7\u00e3o\" data-rl_caption=\"\" title=\"Engenharia e Impermeabiliza\u00e7\u00e3o\"><img loading=\"lazy\" class=\"alignleft wp-image-165\" src=\"http:\/\/tixengenharia.com.br\/engenharia\/wp-content\/uploads\/2015\/10\/01-150x150.jpg\" alt=\"Impermeabiliza\u00e7\u00f5es\" width=\"135\" height=\"101\" \/><\/a><\/p>\n<p style=\"text-align: justify;\"><a href=\"http:\/\/tixengenharia.com.br\/engenharia\/servicos\/impermeabilizacoes\/\">Impermeabiliza\u00e7\u00f5es<br \/>\n<\/a><a href=\"http:\/\/tixengenharia.com.br\/engenharia\/servicos\/recuperacao-estrutural\/\">Recupera\u00e7\u00e3o Estrutural<br \/>\n<\/a><a href=\"http:\/\/tixengenharia.com.br\/engenharia\/servicos\/revestimentos-anticorrosivos\/\">Revestimentos anticorrosivos<br \/>\n<\/a><a href=\"http:\/\/tixengenharia.com.br\/engenharia\/servicos\/injecoes-poliuretano-e-resinas\/\">Inje\u00e7\u00f5es de Poliuretano e Resinas<\/a>.<\/p>\n<hr \/>\n<p style=\"text-align: justify;\">Com robusta estrutura, que nos\u00a0permite atender a clientes de diferentes regi\u00f5es do Brasil, a <strong><a href=\"http:\/\/tixengenharia.com.br\/engenharia\">TIX ENGENHARIA E IMPERMEABILIZA\u00c7\u00c3O<\/a><\/strong>\u00a0\u00e9 refer\u00eancia\u00a0em\u00a0servi\u00e7os especializados para <strong>condom\u00ednios<\/strong> ou <strong>resid\u00eancias\u00a0<\/strong>nos estados do Paran\u00e1, S\u00e3o Paulo e Mato Grosso do Sul, al\u00e9m de todo o Norte do Paran\u00e1,\u00a0Oeste de Mato Grosso do Sul, Oeste de S\u00e3o Paulo, dentre outras regi\u00f5es, sob consulta.<\/p>\n<a href=\"http:\/\/tixengenharia.com.br\/engenharia\/impermeabilizacao\/programa-de-impermeabilizacao-de-condominio\/\" class=\"su-button su-button-style-default\" style=\"color:#FFFFFF;background-color:#2E80BE;border-color:#256798;border-radius:5px;-moz-border-radius:5px;-webkit-border-radius:5px\" target=\"_self\"><span style=\"color:#FFFFFF;padding:6px 16px;font-size:13px;line-height:20px;border-color:#6da7d2;border-radius:5px;-moz-border-radius:5px;-webkit-border-radius:5px;text-shadow:none;-moz-text-shadow:none;-webkit-text-shadow:none\"><i class=\"sui sui-external-link-square\" style=\"font-size:13px;color:#FFFFFF\"><\/i> Programa de impermeabiliza\u00e7\u00e3o de condom\u00ednios<\/span><\/a>\n<p style=\"text-align: justify;\"><a href=\"http:\/\/tixengenharia.com.br\/engenharia\/contatos\/\" class=\"su-button su-button-style-default\" style=\"color:#FFFFFF;background-color:#2D89EF;border-color:#246ec0;border-radius:5px;-moz-border-radius:5px;-webkit-border-radius:5px\" target=\"_self\"><span style=\"color:#FFFFFF;padding:6px 16px;font-size:13px;line-height:20px;border-color:#6cadf4;border-radius:5px;-moz-border-radius:5px;-webkit-border-radius:5px;text-shadow:none;-moz-text-shadow:none;-webkit-text-shadow:none\"><i class=\"sui sui-envelope-o\" style=\"font-size:13px;color:#FFFFFF\"><\/i> Solicite or\u00e7amento<\/span><\/a>\n","protected":false},"excerpt":{"rendered":"<div class=\"slide-text-bg2\"><span>A TIX ENGENHARIA E IMPERMEABILIZA\u00c7\u00c3O\u00a0disponibiliza servi\u00e7os para resid\u00eancias\u00a0e\u00a0condom\u00ednios, atuando\u00a0junto a arquitetos, s\u00edndicos e\u00a0clientes fina<\/span><\/div>\n<div class=\"slide-btn-area-sm\"><a href=\"https:\/\/tixengenharia.com.br\/engenharia\/onde-atuamos\/solucoes-residenciais\/\" class=\"slide-btn-sm\">Ler mais<\/a><\/div>\n","protected":false},"author":1,"featured_media":0,"parent":62,"menu_order":0,"comment_status":"closed","ping_status":"closed","template":"","meta":{"_links_to":"","_links_to_target":""},"yoast_head":"<!-- This site is optimized with the Yoast SEO plugin v17.8 - https:\/\/yoast.com\/wordpress\/plugins\/seo\/ -->\n<title>Impermeabiliza\u00e7\u00e3o Recupera\u00e7\u00e3o Estrutural TIX ENGENHARIA<\/title>\n<meta name=\"description\" content=\"Impermeabiliza\u00e7\u00e3o, refor\u00e7o estrutural, revestimento anticorrosivos s\u00e3o especialidades da TIX ENGENHARIA, obras de todos os portes em todo Brasil.\" \/>\n<meta name=\"robots\" content=\"index, follow, max-snippet:-1, max-image-preview:large, max-video-preview:-1\" \/>\n<link rel=\"canonical\" href=\"https:\/\/tixengenharia.com.br\/engenharia\/onde-atuamos\/solucoes-residenciais\/\" \/>\n<meta property=\"og:locale\" content=\"pt_BR\" \/>\n<meta property=\"og:type\" content=\"article\" \/>\n<meta property=\"og:title\" content=\"Impermeabiliza\u00e7\u00e3o Recupera\u00e7\u00e3o Estrutural TIX ENGENHARIA\" \/>\n<meta property=\"og:description\" content=\"Impermeabiliza\u00e7\u00e3o, refor\u00e7o estrutural, revestimento anticorrosivos s\u00e3o especialidades da TIX ENGENHARIA, obras de todos os portes em todo Brasil.\" \/>\n<meta property=\"og:url\" content=\"https:\/\/tixengenharia.com.br\/engenharia\/onde-atuamos\/solucoes-residenciais\/\" \/>\n<meta property=\"og:site_name\" content=\"Tix Engenharia e Impermeabiliza\u00e7\u00e3o\" \/>\n<meta property=\"article:modified_time\" content=\"2018-02-27T21:45:39+00:00\" \/>\n<meta property=\"og:image\" content=\"http:\/\/tixengenharia.com.br\/engenharia\/wp-content\/uploads\/2015\/10\/banner01.jpg\" \/>\n<meta name=\"twitter:card\" content=\"summary\" \/>\n<meta name=\"twitter:label1\" content=\"Est. tempo de leitura\" \/>\n\t<meta name=\"twitter:data1\" content=\"1 minuto\" \/>\n<script type=\"application\/ld+json\" class=\"yoast-schema-graph\">{\"@context\":\"https:\/\/schema.org\",\"@graph\":[{\"@type\":\"WebSite\",\"@id\":\"https:\/\/tixengenharia.com.br\/engenharia\/#website\",\"url\":\"https:\/\/tixengenharia.com.br\/engenharia\/\",\"name\":\"Tix Engenharia e Impermeabiliza\\u00e7\\u00e3o\",\"description\":\"Impermeabiliza\\u00e7\\u00e3o e Recupera\\u00e7\\u00e3o Estrutural - Tix Engenharia\",\"potentialAction\":[{\"@type\":\"SearchAction\",\"target\":{\"@type\":\"EntryPoint\",\"urlTemplate\":\"https:\/\/tixengenharia.com.br\/engenharia\/?s={search_term_string}\"},\"query-input\":\"required name=search_term_string\"}],\"inLanguage\":\"pt-BR\"},{\"@type\":\"ImageObject\",\"@id\":\"https:\/\/tixengenharia.com.br\/engenharia\/onde-atuamos\/solucoes-residenciais\/#primaryimage\",\"inLanguage\":\"pt-BR\",\"url\":\"http:\/\/tixengenharia.com.br\/engenharia\/wp-content\/uploads\/2015\/10\/banner01.jpg\",\"contentUrl\":\"http:\/\/tixengenharia.com.br\/engenharia\/wp-content\/uploads\/2015\/10\/banner01.jpg\"},{\"@type\":\"WebPage\",\"@id\":\"https:\/\/tixengenharia.com.br\/engenharia\/onde-atuamos\/solucoes-residenciais\/#webpage\",\"url\":\"https:\/\/tixengenharia.com.br\/engenharia\/onde-atuamos\/solucoes-residenciais\/\",\"name\":\"Impermeabiliza\\u00e7\\u00e3o Recupera\\u00e7\\u00e3o Estrutural TIX ENGENHARIA\",\"isPartOf\":{\"@id\":\"https:\/\/tixengenharia.com.br\/engenharia\/#website\"},\"primaryImageOfPage\":{\"@id\":\"https:\/\/tixengenharia.com.br\/engenharia\/onde-atuamos\/solucoes-residenciais\/#primaryimage\"},\"datePublished\":\"2015-10-17T15:09:21+00:00\",\"dateModified\":\"2018-02-27T21:45:39+00:00\",\"description\":\"Impermeabiliza\\u00e7\\u00e3o, refor\\u00e7o estrutural, revestimento anticorrosivos s\\u00e3o especialidades da TIX ENGENHARIA, obras de todos os portes em todo Brasil.\",\"breadcrumb\":{\"@id\":\"https:\/\/tixengenharia.com.br\/engenharia\/onde-atuamos\/solucoes-residenciais\/#breadcrumb\"},\"inLanguage\":\"pt-BR\",\"potentialAction\":[{\"@type\":\"ReadAction\",\"target\":[\"https:\/\/tixengenharia.com.br\/engenharia\/onde-atuamos\/solucoes-residenciais\/\"]}]},{\"@type\":\"BreadcrumbList\",\"@id\":\"https:\/\/tixengenharia.com.br\/engenharia\/onde-atuamos\/solucoes-residenciais\/#breadcrumb\",\"itemListElement\":[{\"@type\":\"ListItem\",\"position\":1,\"name\":\"In\\u00edcio\",\"item\":\"https:\/\/tixengenharia.com.br\/engenharia\/\"},{\"@type\":\"ListItem\",\"position\":2,\"name\":\"Onde atuamos\",\"item\":\"https:\/\/tixengenharia.com.br\/engenharia\/onde-atuamos\/\"},{\"@type\":\"ListItem\",\"position\":3,\"name\":\"Resid\\u00eancias e condom\\u00ednios\"}]}]}<\/script>\n<!-- \/ Yoast SEO plugin. -->","yoast_head_json":{"title":"Impermeabiliza\u00e7\u00e3o Recupera\u00e7\u00e3o Estrutural TIX ENGENHARIA","description":"Impermeabiliza\u00e7\u00e3o, refor\u00e7o estrutural, revestimento anticorrosivos s\u00e3o especialidades da TIX ENGENHARIA, obras de todos os portes em todo Brasil.","robots":{"index":"index","follow":"follow","max-snippet":"max-snippet:-1","max-image-preview":"max-image-preview:large","max-video-preview":"max-video-preview:-1"},"canonical":"https:\/\/tixengenharia.com.br\/engenharia\/onde-atuamos\/solucoes-residenciais\/","og_locale":"pt_BR","og_type":"article","og_title":"Impermeabiliza\u00e7\u00e3o Recupera\u00e7\u00e3o Estrutural TIX ENGENHARIA","og_description":"Impermeabiliza\u00e7\u00e3o, refor\u00e7o estrutural, revestimento anticorrosivos s\u00e3o especialidades da TIX ENGENHARIA, obras de todos os portes em todo Brasil.","og_url":"https:\/\/tixengenharia.com.br\/engenharia\/onde-atuamos\/solucoes-residenciais\/","og_site_name":"Tix Engenharia e Impermeabiliza\u00e7\u00e3o","article_modified_time":"2018-02-27T21:45:39+00:00","og_image":[{"url":"http:\/\/tixengenharia.com.br\/engenharia\/wp-content\/uploads\/2015\/10\/banner01.jpg"}],"twitter_card":"summary","twitter_misc":{"Est. tempo de leitura":"1 minuto"},"schema":{"@context":"https:\/\/schema.org","@graph":[{"@type":"WebSite","@id":"https:\/\/tixengenharia.com.br\/engenharia\/#website","url":"https:\/\/tixengenharia.com.br\/engenharia\/","name":"Tix Engenharia e Impermeabiliza\u00e7\u00e3o","description":"Impermeabiliza\u00e7\u00e3o e Recupera\u00e7\u00e3o Estrutural - Tix Engenharia","potentialAction":[{"@type":"SearchAction","target":{"@type":"EntryPoint","urlTemplate":"https:\/\/tixengenharia.com.br\/engenharia\/?s={search_term_string}"},"query-input":"required name=search_term_string"}],"inLanguage":"pt-BR"},{"@type":"ImageObject","@id":"https:\/\/tixengenharia.com.br\/engenharia\/onde-atuamos\/solucoes-residenciais\/#primaryimage","inLanguage":"pt-BR","url":"http:\/\/tixengenharia.com.br\/engenharia\/wp-content\/uploads\/2015\/10\/banner01.jpg","contentUrl":"http:\/\/tixengenharia.com.br\/engenharia\/wp-content\/uploads\/2015\/10\/banner01.jpg"},{"@type":"WebPage","@id":"https:\/\/tixengenharia.com.br\/engenharia\/onde-atuamos\/solucoes-residenciais\/#webpage","url":"https:\/\/tixengenharia.com.br\/engenharia\/onde-atuamos\/solucoes-residenciais\/","name":"Impermeabiliza\u00e7\u00e3o Recupera\u00e7\u00e3o Estrutural TIX ENGENHARIA","isPartOf":{"@id":"https:\/\/tixengenharia.com.br\/engenharia\/#website"},"primaryImageOfPage":{"@id":"https:\/\/tixengenharia.com.br\/engenharia\/onde-atuamos\/solucoes-residenciais\/#primaryimage"},"datePublished":"2015-10-17T15:09:21+00:00","dateModified":"2018-02-27T21:45:39+00:00","description":"Impermeabiliza\u00e7\u00e3o, refor\u00e7o estrutural, revestimento anticorrosivos s\u00e3o especialidades da TIX ENGENHARIA, obras de todos os portes em todo Brasil.","breadcrumb":{"@id":"https:\/\/tixengenharia.com.br\/engenharia\/onde-atuamos\/solucoes-residenciais\/#breadcrumb"},"inLanguage":"pt-BR","potentialAction":[{"@type":"ReadAction","target":["https:\/\/tixengenharia.com.br\/engenharia\/onde-atuamos\/solucoes-residenciais\/"]}]},{"@type":"BreadcrumbList","@id":"https:\/\/tixengenharia.com.br\/engenharia\/onde-atuamos\/solucoes-residenciais\/#breadcrumb","itemListElement":[{"@type":"ListItem","position":1,"name":"In\u00edcio","item":"https:\/\/tixengenharia.com.br\/engenharia\/"},{"@type":"ListItem","position":2,"name":"Onde atuamos","item":"https:\/\/tixengenharia.com.br\/engenharia\/onde-atuamos\/"},{"@type":"ListItem","position":3,"name":"Resid\u00eancias e condom\u00ednios"}]}]}},"_links":{"self":[{"href":"https:\/\/tixengenharia.com.br\/engenharia\/wp-json\/wp\/v2\/pages\/64"}],"collection":[{"href":"https:\/\/tixengenharia.com.br\/engenharia\/wp-json\/wp\/v2\/pages"}],"about":[{"href":"https:\/\/tixengenharia.com.br\/engenharia\/wp-json\/wp\/v2\/types\/page"}],"author":[{"embeddable":true,"href":"https:\/\/tixengenharia.com.br\/engenharia\/wp-json\/wp\/v2\/users\/1"}],"replies":[{"embeddable":true,"href":"https:\/\/tixengenharia.com.br\/engenharia\/wp-json\/wp\/v2\/comments?post=64"}],"version-history":[{"count":26,"href":"https:\/\/tixengenharia.com.br\/engenharia\/wp-json\/wp\/v2\/pages\/64\/revisions"}],"predecessor-version":[{"id":751,"href":"https:\/\/tixengenharia.com.br\/engenharia\/wp-json\/wp\/v2\/pages\/64\/revisions\/751"}],"up":[{"embeddable":true,"href":"https:\/\/tixengenharia.com.br\/engenharia\/wp-json\/wp\/v2\/pages\/62"}],"wp:attachment":[{"href":"https:\/\/tixengenharia.com.br\/engenharia\/wp-json\/wp\/v2\/media?parent=64"}],"curies":[{"name":"wp","href":"https:\/\/api.w.org\/{rel}","templated":true}]}}