{"id":60,"date":"2015-10-17T12:06:21","date_gmt":"2015-10-17T15:06:21","guid":{"rendered":"http:\/\/tixengenharia.com.br\/engenharia\/?page_id=60"},"modified":"2019-11-29T14:14:39","modified_gmt":"2019-11-29T17:14:39","slug":"outros-servicos","status":"publish","type":"page","link":"https:\/\/tixengenharia.com.br\/engenharia\/servicos\/outros-servicos\/","title":{"rendered":"Outros setores"},"content":{"rendered":"<p><a  href=\"http:\/\/tixengenharia.com.br\/engenharia\/wp-content\/uploads\/2015\/10\/banner05.jpg\" data-rel=\"lightbox-gallery-0\" data-rl_title=\"Tix Engenharia e Impermeabiliza\u00e7\u00e3o\" data-rl_caption=\"\" title=\"Tix Engenharia e Impermeabiliza\u00e7\u00e3o\"><img loading=\"lazy\" class=\"aligncenter wp-image-850 size-full\" src=\"https:\/\/tixengenharia.com.br\/engenharia\/wp-content\/uploads\/2019\/11\/BAN4.jpg\" alt=\"\" width=\"730\" height=\"190\" srcset=\"https:\/\/tixengenharia.com.br\/engenharia\/wp-content\/uploads\/2019\/11\/BAN4.jpg 730w, https:\/\/tixengenharia.com.br\/engenharia\/wp-content\/uploads\/2019\/11\/BAN4-300x78.jpg 300w\" sizes=\"(max-width: 730px) 100vw, 730px\" \/><\/a><\/p>\n<p>Desde 20017 disponibilizamos\u00a0servi\u00e7os t\u00e9cnicos construtivos\u00a0para\u00a0<strong>ind\u00fastrias papeleiras<\/strong>, <strong>de alimentos<\/strong>, <strong>metal-mec\u00e2nicas<\/strong>, <strong>shoppings<\/strong>, <strong>edif\u00edcios comerciais<\/strong> e <strong>residenciais<\/strong>, <strong>refinarias<\/strong>, <strong>clubes recreativos<\/strong>, dentre outros, incluindo\u00a0emiss\u00e3o de laudos e diagn\u00f3sticos em\u00a0patologias relacionadas a:<\/p>\n<p><a  href=\"http:\/\/tixengenharia.com.br\/engenharia\/wp-content\/uploads\/2015\/10\/04.jpg\" data-rel=\"lightbox-gallery-0\" data-rl_title=\"Inje\u00e7\u00f5es poliuretano e resinas\" data-rl_caption=\"\" title=\"Inje\u00e7\u00f5es poliuretano e resinas\"><img loading=\"lazy\" class=\"alignleft wp-image-171\" src=\"http:\/\/tixengenharia.com.br\/engenharia\/wp-content\/uploads\/2015\/10\/04-150x150.jpg\" alt=\"Inje\u00e7\u00f5es poliuretano e resinas\" width=\"135\" height=\"101\" \/><\/a><\/p>\n<p style=\"text-align: justify;\"><a href=\"http:\/\/tixengenharia.com.br\/engenharia\/servicos\/impermeabilizacoes\/\">Impermeabiliza\u00e7\u00f5es<br \/>\n<\/a><a href=\"http:\/\/tixengenharia.com.br\/engenharia\/servicos\/recuperacao-estrutural\/\">Recupera\u00e7\u00e3o Estrutural<br \/>\n<\/a><a href=\"http:\/\/tixengenharia.com.br\/engenharia\/servicos\/revestimentos-anticorrosivos\/\">Revestimentos anticorrosivos<br \/>\n<\/a><a href=\"http:\/\/tixengenharia.com.br\/engenharia\/servicos\/injecoes-poliuretano-e-resinas\/\">Inje\u00e7\u00f5es de Poliuretano e Resinas<\/a>.<\/p>\n<hr \/>\n<p style=\"text-align: justify;\">A <strong><a href=\"http:\/\/tixengenharia.com.br\/engenharia\">TIX ENGENHARIA E IMPERMEABILIZA\u00c7\u00c3O<\/a>\u00a0\u00a0<\/strong>mantem ainda\u00a0servi\u00e7o de assessoria t\u00e9cnica para empresas do segmento de com\u00e9rcio de materiais de constru\u00e7\u00e3o, al\u00e9m de assessoria espec\u00edfica para construtoras, engenheiros e\u00a0arquitetos e demais profissionais da constru\u00e7\u00e3o de todo o Brasil.<\/p>\n<p style=\"text-align: justify;\"><a href=\"http:\/\/tixengenharia.com.br\/engenharia\/contatos\/\" class=\"su-button su-button-style-default\" style=\"color:#FFFFFF;background-color:#2D89EF;border-color:#246ec0;border-radius:5px;-moz-border-radius:5px;-webkit-border-radius:5px\" target=\"_self\"><span style=\"color:#FFFFFF;padding:6px 16px;font-size:13px;line-height:20px;border-color:#6cadf4;border-radius:5px;-moz-border-radius:5px;-webkit-border-radius:5px;text-shadow:none;-moz-text-shadow:none;-webkit-text-shadow:none\"><i class=\"sui sui-envelope-o\" style=\"font-size:13px;color:#FFFFFF\"><\/i> Clique aqui e solicite or\u00e7amento<\/span><\/a>\n","protected":false},"excerpt":{"rendered":"<div class=\"slide-text-bg2\"><span>Desde 20017 disponibilizamos\u00a0servi\u00e7os t\u00e9cnicos construtivos\u00a0para\u00a0ind\u00fastrias papeleiras, de alimentos, metal-mec\u00e2nicas, shoppings, edif\u00edcios comerci<\/span><\/div>\n<div class=\"slide-btn-area-sm\"><a href=\"https:\/\/tixengenharia.com.br\/engenharia\/servicos\/outros-servicos\/\" class=\"slide-btn-sm\">Ler mais<\/a><\/div>\n","protected":false},"author":1,"featured_media":0,"parent":33,"menu_order":8,"comment_status":"closed","ping_status":"closed","template":"","meta":{"_links_to":"","_links_to_target":""},"yoast_head":"<!-- This site is optimized with the Yoast SEO plugin v17.8 - https:\/\/yoast.com\/wordpress\/plugins\/seo\/ -->\n<title>Impermeabiliza\u00e7\u00e3o Recupera\u00e7\u00e3o Estrutural TIX ENGENHARIA<\/title>\n<meta name=\"description\" content=\"Impermeabiliza\u00e7\u00e3o, refor\u00e7o estrutural, revestimento anticorrosivos s\u00e3o especialidades da TIX ENGENHARIA, obras de todos os portes em todo Brasil.\" \/>\n<meta name=\"robots\" content=\"index, follow, max-snippet:-1, max-image-preview:large, max-video-preview:-1\" \/>\n<link rel=\"canonical\" href=\"https:\/\/tixengenharia.com.br\/engenharia\/servicos\/outros-servicos\/\" \/>\n<meta property=\"og:locale\" content=\"pt_BR\" \/>\n<meta property=\"og:type\" content=\"article\" \/>\n<meta property=\"og:title\" content=\"Impermeabiliza\u00e7\u00e3o Recupera\u00e7\u00e3o Estrutural TIX ENGENHARIA\" \/>\n<meta property=\"og:description\" content=\"Impermeabiliza\u00e7\u00e3o, refor\u00e7o estrutural, revestimento anticorrosivos s\u00e3o especialidades da TIX ENGENHARIA, obras de todos os portes em todo Brasil.\" \/>\n<meta property=\"og:url\" content=\"https:\/\/tixengenharia.com.br\/engenharia\/servicos\/outros-servicos\/\" \/>\n<meta property=\"og:site_name\" content=\"Tix Engenharia e Impermeabiliza\u00e7\u00e3o\" \/>\n<meta property=\"article:modified_time\" content=\"2019-11-29T17:14:39+00:00\" \/>\n<meta property=\"og:image\" content=\"https:\/\/tixengenharia.com.br\/engenharia\/wp-content\/uploads\/2019\/11\/BAN4.jpg\" \/>\n<meta name=\"twitter:card\" content=\"summary\" \/>\n<meta name=\"twitter:label1\" content=\"Est. tempo de leitura\" \/>\n\t<meta name=\"twitter:data1\" content=\"1 minuto\" \/>\n<script type=\"application\/ld+json\" class=\"yoast-schema-graph\">{\"@context\":\"https:\/\/schema.org\",\"@graph\":[{\"@type\":\"WebSite\",\"@id\":\"https:\/\/tixengenharia.com.br\/engenharia\/#website\",\"url\":\"https:\/\/tixengenharia.com.br\/engenharia\/\",\"name\":\"Tix Engenharia e Impermeabiliza\\u00e7\\u00e3o\",\"description\":\"Impermeabiliza\\u00e7\\u00e3o e Recupera\\u00e7\\u00e3o Estrutural - Tix Engenharia\",\"potentialAction\":[{\"@type\":\"SearchAction\",\"target\":{\"@type\":\"EntryPoint\",\"urlTemplate\":\"https:\/\/tixengenharia.com.br\/engenharia\/?s={search_term_string}\"},\"query-input\":\"required name=search_term_string\"}],\"inLanguage\":\"pt-BR\"},{\"@type\":\"ImageObject\",\"@id\":\"https:\/\/tixengenharia.com.br\/engenharia\/servicos\/outros-servicos\/#primaryimage\",\"inLanguage\":\"pt-BR\",\"url\":\"https:\/\/tixengenharia.com.br\/engenharia\/wp-content\/uploads\/2019\/11\/BAN4.jpg\",\"contentUrl\":\"https:\/\/tixengenharia.com.br\/engenharia\/wp-content\/uploads\/2019\/11\/BAN4.jpg\",\"width\":730,\"height\":190},{\"@type\":\"WebPage\",\"@id\":\"https:\/\/tixengenharia.com.br\/engenharia\/servicos\/outros-servicos\/#webpage\",\"url\":\"https:\/\/tixengenharia.com.br\/engenharia\/servicos\/outros-servicos\/\",\"name\":\"Impermeabiliza\\u00e7\\u00e3o Recupera\\u00e7\\u00e3o Estrutural TIX ENGENHARIA\",\"isPartOf\":{\"@id\":\"https:\/\/tixengenharia.com.br\/engenharia\/#website\"},\"primaryImageOfPage\":{\"@id\":\"https:\/\/tixengenharia.com.br\/engenharia\/servicos\/outros-servicos\/#primaryimage\"},\"datePublished\":\"2015-10-17T15:06:21+00:00\",\"dateModified\":\"2019-11-29T17:14:39+00:00\",\"description\":\"Impermeabiliza\\u00e7\\u00e3o, refor\\u00e7o estrutural, revestimento anticorrosivos s\\u00e3o especialidades da TIX ENGENHARIA, obras de todos os portes em todo Brasil.\",\"breadcrumb\":{\"@id\":\"https:\/\/tixengenharia.com.br\/engenharia\/servicos\/outros-servicos\/#breadcrumb\"},\"inLanguage\":\"pt-BR\",\"potentialAction\":[{\"@type\":\"ReadAction\",\"target\":[\"https:\/\/tixengenharia.com.br\/engenharia\/servicos\/outros-servicos\/\"]}]},{\"@type\":\"BreadcrumbList\",\"@id\":\"https:\/\/tixengenharia.com.br\/engenharia\/servicos\/outros-servicos\/#breadcrumb\",\"itemListElement\":[{\"@type\":\"ListItem\",\"position\":1,\"name\":\"In\\u00edcio\",\"item\":\"https:\/\/tixengenharia.com.br\/engenharia\/\"},{\"@type\":\"ListItem\",\"position\":2,\"name\":\"Nossos Servi\\u00e7os\",\"item\":\"https:\/\/tixengenharia.com.br\/engenharia\/servicos\/\"},{\"@type\":\"ListItem\",\"position\":3,\"name\":\"Outros setores\"}]}]}<\/script>\n<!-- \/ Yoast SEO plugin. -->","yoast_head_json":{"title":"Impermeabiliza\u00e7\u00e3o Recupera\u00e7\u00e3o Estrutural TIX ENGENHARIA","description":"Impermeabiliza\u00e7\u00e3o, refor\u00e7o estrutural, revestimento anticorrosivos s\u00e3o especialidades da TIX ENGENHARIA, obras de todos os portes em todo Brasil.","robots":{"index":"index","follow":"follow","max-snippet":"max-snippet:-1","max-image-preview":"max-image-preview:large","max-video-preview":"max-video-preview:-1"},"canonical":"https:\/\/tixengenharia.com.br\/engenharia\/servicos\/outros-servicos\/","og_locale":"pt_BR","og_type":"article","og_title":"Impermeabiliza\u00e7\u00e3o Recupera\u00e7\u00e3o Estrutural TIX ENGENHARIA","og_description":"Impermeabiliza\u00e7\u00e3o, refor\u00e7o estrutural, revestimento anticorrosivos s\u00e3o especialidades da TIX ENGENHARIA, obras de todos os portes em todo Brasil.","og_url":"https:\/\/tixengenharia.com.br\/engenharia\/servicos\/outros-servicos\/","og_site_name":"Tix Engenharia e Impermeabiliza\u00e7\u00e3o","article_modified_time":"2019-11-29T17:14:39+00:00","og_image":[{"url":"https:\/\/tixengenharia.com.br\/engenharia\/wp-content\/uploads\/2019\/11\/BAN4.jpg"}],"twitter_card":"summary","twitter_misc":{"Est. tempo de leitura":"1 minuto"},"schema":{"@context":"https:\/\/schema.org","@graph":[{"@type":"WebSite","@id":"https:\/\/tixengenharia.com.br\/engenharia\/#website","url":"https:\/\/tixengenharia.com.br\/engenharia\/","name":"Tix Engenharia e Impermeabiliza\u00e7\u00e3o","description":"Impermeabiliza\u00e7\u00e3o e Recupera\u00e7\u00e3o Estrutural - Tix Engenharia","potentialAction":[{"@type":"SearchAction","target":{"@type":"EntryPoint","urlTemplate":"https:\/\/tixengenharia.com.br\/engenharia\/?s={search_term_string}"},"query-input":"required name=search_term_string"}],"inLanguage":"pt-BR"},{"@type":"ImageObject","@id":"https:\/\/tixengenharia.com.br\/engenharia\/servicos\/outros-servicos\/#primaryimage","inLanguage":"pt-BR","url":"https:\/\/tixengenharia.com.br\/engenharia\/wp-content\/uploads\/2019\/11\/BAN4.jpg","contentUrl":"https:\/\/tixengenharia.com.br\/engenharia\/wp-content\/uploads\/2019\/11\/BAN4.jpg","width":730,"height":190},{"@type":"WebPage","@id":"https:\/\/tixengenharia.com.br\/engenharia\/servicos\/outros-servicos\/#webpage","url":"https:\/\/tixengenharia.com.br\/engenharia\/servicos\/outros-servicos\/","name":"Impermeabiliza\u00e7\u00e3o Recupera\u00e7\u00e3o Estrutural TIX ENGENHARIA","isPartOf":{"@id":"https:\/\/tixengenharia.com.br\/engenharia\/#website"},"primaryImageOfPage":{"@id":"https:\/\/tixengenharia.com.br\/engenharia\/servicos\/outros-servicos\/#primaryimage"},"datePublished":"2015-10-17T15:06:21+00:00","dateModified":"2019-11-29T17:14:39+00:00","description":"Impermeabiliza\u00e7\u00e3o, refor\u00e7o estrutural, revestimento anticorrosivos s\u00e3o especialidades da TIX ENGENHARIA, obras de todos os portes em todo Brasil.","breadcrumb":{"@id":"https:\/\/tixengenharia.com.br\/engenharia\/servicos\/outros-servicos\/#breadcrumb"},"inLanguage":"pt-BR","potentialAction":[{"@type":"ReadAction","target":["https:\/\/tixengenharia.com.br\/engenharia\/servicos\/outros-servicos\/"]}]},{"@type":"BreadcrumbList","@id":"https:\/\/tixengenharia.com.br\/engenharia\/servicos\/outros-servicos\/#breadcrumb","itemListElement":[{"@type":"ListItem","position":1,"name":"In\u00edcio","item":"https:\/\/tixengenharia.com.br\/engenharia\/"},{"@type":"ListItem","position":2,"name":"Nossos Servi\u00e7os","item":"https:\/\/tixengenharia.com.br\/engenharia\/servicos\/"},{"@type":"ListItem","position":3,"name":"Outros setores"}]}]}},"_links":{"self":[{"href":"https:\/\/tixengenharia.com.br\/engenharia\/wp-json\/wp\/v2\/pages\/60"}],"collection":[{"href":"https:\/\/tixengenharia.com.br\/engenharia\/wp-json\/wp\/v2\/pages"}],"about":[{"href":"https:\/\/tixengenharia.com.br\/engenharia\/wp-json\/wp\/v2\/types\/page"}],"author":[{"embeddable":true,"href":"https:\/\/tixengenharia.com.br\/engenharia\/wp-json\/wp\/v2\/users\/1"}],"replies":[{"embeddable":true,"href":"https:\/\/tixengenharia.com.br\/engenharia\/wp-json\/wp\/v2\/comments?post=60"}],"version-history":[{"count":11,"href":"https:\/\/tixengenharia.com.br\/engenharia\/wp-json\/wp\/v2\/pages\/60\/revisions"}],"predecessor-version":[{"id":851,"href":"https:\/\/tixengenharia.com.br\/engenharia\/wp-json\/wp\/v2\/pages\/60\/revisions\/851"}],"up":[{"embeddable":true,"href":"https:\/\/tixengenharia.com.br\/engenharia\/wp-json\/wp\/v2\/pages\/33"}],"wp:attachment":[{"href":"https:\/\/tixengenharia.com.br\/engenharia\/wp-json\/wp\/v2\/media?parent=60"}],"curies":[{"name":"wp","href":"https:\/\/api.w.org\/{rel}","templated":true}]}}