{"id":58,"date":"2015-10-17T12:06:02","date_gmt":"2015-10-17T15:06:02","guid":{"rendered":"http:\/\/tixengenharia.com.br\/engenharia\/?page_id=58"},"modified":"2018-12-04T08:46:24","modified_gmt":"2018-12-04T11:46:24","slug":"injecoes-poliuretano-e-resinas","status":"publish","type":"page","link":"https:\/\/tixengenharia.com.br\/engenharia\/servicos\/injecoes-poliuretano-e-resinas\/","title":{"rendered":"Inje\u00e7\u00f5es poliuretano e resinas"},"content":{"rendered":"<div id=\"attachment_397\" style=\"width: 740px\" class=\"wp-caption aligncenter\"><a  href=\"http:\/\/tixengenharia.com.br\/engenharia\/wp-content\/uploads\/2015\/10\/banner13.jpg\" data-rel=\"lightbox-gallery-0\" data-rl_title=\"inje\u00e7\u00f5es de poliuretano e resinas Tix Engenharia e Impermeabiliza\u00e7\u00e3o\" data-rl_caption=\"\" title=\"inje\u00e7\u00f5es de poliuretano e resinas Tix Engenharia e Impermeabiliza\u00e7\u00e3o\"><img aria-describedby=\"caption-attachment-397\" loading=\"lazy\" class=\"size-full wp-image-397\" src=\"http:\/\/tixengenharia.com.br\/engenharia\/wp-content\/uploads\/2015\/10\/banner13.jpg\" alt=\"inje\u00e7\u00f5es de poliuretano e resinas\" width=\"730\" height=\"190\" srcset=\"https:\/\/tixengenharia.com.br\/engenharia\/wp-content\/uploads\/2015\/10\/banner13.jpg 730w, https:\/\/tixengenharia.com.br\/engenharia\/wp-content\/uploads\/2015\/10\/banner13-300x78.jpg 300w\" sizes=\"(max-width: 730px) 100vw, 730px\" \/><\/a><p id=\"caption-attachment-397\" class=\"wp-caption-text\">Solu\u00e7\u00f5es completas incluindo inje\u00e7\u00f5es de poliuretano e resinas em pisos e estruturas.<\/p><\/div>\n<hr \/>\n<p>O <strong><a href=\"http:\/\/Sistema de Inje\u00e7\u00e3o de Resinas Especiais tem o objetivo de proteger a estruturas de concreto selando trincas, fissuras e juntas, de modo de impedir agress\u00f5es externas estancar a infiltra\u00e7\u00e3o, garantindo a integridade das estruturas,podendo ser aplicado com fluxo de \u00e1gua e sem fluxo de \u00e1gua. A\u00a0Tix Engenharia \u00e9 especialista em Sistema de Inje\u00e7\u00e3o de Resinas Especiais, aliado a produtos de alta tecnologia! \u00a0&lt;a href=&quot;http:\/\/tixengenharia.com.br\/engenharia\/contatos\/&quot;&gt;Clique aqui e entre em contato&lt;\/a&gt;!\" target=\"_blank\" rel=\"noopener noreferrer\">Sistema de Inje\u00e7\u00e3o de Resinas Especiais<\/a><\/strong> tem o objetivo de proteger a estruturas de concreto selando trincas, fissuras e juntas, de modo de impedir agress\u00f5es externas estancar a infiltra\u00e7\u00e3o, garantindo a integridade das estruturas,podendo ser aplicado com fluxo de \u00e1gua e sem fluxo de \u00e1gua.<\/p>\n<p>A\u00a0<strong>Tix Engenharia<\/strong> \u00e9 especialista em <strong>Sistemas de Inje\u00e7\u00e3o de Resinas Especiais<\/strong>, aliados a produtos de alta tecnologia! \u00a0<a href=\"http:\/\/tixengenharia.com.br\/engenharia\/contatos\/\">Clique aqui e entre em contato<\/a>!<\/p>\n<hr \/>\n<p><strong>Ver fotos de servi\u00e7os executados:<\/strong><br \/>\n      <style>\r\n              <\/style>\r\n<div id=\"insta-gallery-feed-1200839827\" class=\"insta-gallery-feed insta-gallery-square\" data-feed=\"{&quot;id&quot;:4,&quot;order&quot;:4,&quot;username&quot;:&quot;&quot;,&quot;type&quot;:&quot;tag&quot;,&quot;tag&quot;:&quot;TixPoliuretanos&quot;,&quot;order_by&quot;:&quot;top_media&quot;,&quot;layout&quot;:&quot;gallery&quot;,&quot;limit&quot;:12,&quot;columns&quot;:3,&quot;resolution&quot;:&quot;standard&quot;,&quot;lazy&quot;:false,&quot;spacing&quot;:0,&quot;highlight&quot;:[&quot;1&quot;,&quot;3&quot;,&quot;5&quot;],&quot;profile&quot;:{&quot;id&quot;:&quot;&quot;,&quot;username&quot;:&quot;&quot;,&quot;website&quot;:&quot;&quot;,&quot;biography&quot;:&quot;&quot;,&quot;name&quot;:&quot;&quot;,&quot;followers_count&quot;:0,&quot;media_count&quot;:0,&quot;profile_picture_url&quot;:&quot;http:\\\/\\\/2.gravatar.com\\\/avatar\\\/b642b4217b34b1e8d3bd915fc65c4452?s=320&amp;d=mm&amp;r=g&quot;,&quot;link&quot;:&quot;&quot;},&quot;box&quot;:{&quot;display&quot;:false,&quot;padding&quot;:1,&quot;radius&quot;:0,&quot;background&quot;:&quot;#fefefe&quot;,&quot;profile&quot;:false,&quot;desc&quot;:&quot;&quot;,&quot;color_text&quot;:&quot;#000000&quot;},&quot;mask&quot;:{&quot;display&quot;:true,&quot;background&quot;:&quot;&quot;,&quot;likes&quot;:&quot;1&quot;,&quot;comments&quot;:&quot;1&quot;},&quot;card&quot;:{&quot;display&quot;:false,&quot;radius&quot;:1,&quot;font_size&quot;:12,&quot;background&quot;:&quot;#ffffff&quot;,&quot;text_color&quot;:&quot;#000000&quot;,&quot;padding&quot;:5,&quot;info&quot;:true,&quot;length&quot;:10,&quot;caption&quot;:true},&quot;carousel&quot;:{&quot;slidespv&quot;:5,&quot;autoplay&quot;:&quot;1&quot;,&quot;autoplay_interval&quot;:3000,&quot;navarrows&quot;:&quot;1&quot;,&quot;navarrows_color&quot;:&quot;&quot;,&quot;pagination&quot;:true,&quot;pagination_color&quot;:&quot;&quot;,&quot;columns&quot;:&quot;3&quot;},&quot;popup&quot;:{&quot;display&quot;:true,&quot;profile&quot;:false,&quot;caption&quot;:&quot;1&quot;,&quot;likes&quot;:false,&quot;comments&quot;:false,&quot;align&quot;:&quot;bottom&quot;},&quot;button&quot;:{&quot;display&quot;:&quot;1&quot;,&quot;text&quot;:&quot;View on Instagram&quot;,&quot;background&quot;:&quot;&quot;,&quot;background_hover&quot;:&quot;&quot;},&quot;button_load&quot;:{&quot;display&quot;:false,&quot;text&quot;:&quot;Load more...&quot;,&quot;background&quot;:&quot;&quot;,&quot;background_hover&quot;:&quot;&quot;},&quot;size&quot;:&quot;medium&quot;,&quot;insta_layout&quot;:&quot;gallery&quot;,&quot;insta_box&quot;:false,&quot;insta_box-padding&quot;:1,&quot;insta_box-radius&quot;:0,&quot;insta_box-background&quot;:&quot;#fefefe&quot;,&quot;insta_box-profile&quot;:false,&quot;insta_box-desc&quot;:&quot;&quot;,&quot;insta_box-color-text&quot;:&quot;#000000&quot;,&quot;insta_button_load&quot;:false,&quot;insta_button_load-background-hover&quot;:&quot;&quot;,&quot;insta_button_load-background&quot;:&quot;&quot;,&quot;insta_button_load-text&quot;:&quot;Load more...&quot;,&quot;insta_button&quot;:&quot;1&quot;,&quot;insta_button-background-hover&quot;:&quot;&quot;,&quot;insta_button-background&quot;:&quot;&quot;,&quot;insta_button-text&quot;:&quot;View on Instagram&quot;,&quot;insta_card&quot;:false,&quot;insta_card-font-size&quot;:12,&quot;insta_card-color-text&quot;:&quot;#000000&quot;,&quot;insta_card-padding&quot;:5,&quot;insta_card-radius&quot;:1,&quot;insta_card-background&quot;:&quot;#ffffff&quot;}\" data-feed_layout=\"gallery\">\r\n    <div class=\"insta-gallery-list\">\r\n  <\/div>\r\n  <div class=\"insta-gallery-spinner\"><\/div>    <div class=\"insta-gallery-actions\">\r\n    <a href=\"https:\/\/www.instagram.com\/\" target=\"blank\" class=\"insta-gallery-button follow\"><i class=\"qligg-icon-instagram-o\"><\/i>View on Instagram<\/a>\r\n  <\/div>\r\n <\/div>\n<hr \/>\n<p><strong>Mais fotos:<\/strong><\/p>\n<p>Clique nas fotos para ampliar ou utilize as setas\u00a0para navegar por\u00a0toda a galeria em destaque:<br \/>\n<div id=\"su_carousel_69f9d8124af68\" class=\"su-carousel su-carousel-centered su-carousel-pages-yes su-carousel-responsive-yes su-lightbox-gallery\" style=\"width:100%\" data-autoplay=\"3000\" data-speed=\"600\" data-mousewheel=\"true\" data-items=\"3\" data-scroll=\"1\"><div class=\"su-carousel-slides\"><div class=\"su-carousel-slide\"><a href=\"https:\/\/tixengenharia.com.br\/engenharia\/wp-content\/uploads\/2015\/10\/007.jpg\" title=\"Inje\u00e7\u00f5es poliuretano e resinas\"><img src=\"https:\/\/tixengenharia.com.br\/engenharia\/wp-content\/uploads\/2015\/10\/007-182x140.jpg\" alt=\"Inje\u00e7\u00f5es poliuretano e resinas\" \/><span class=\"su-carousel-slide-title\">Inje\u00e7\u00f5es poliuretano e resinas<\/span><\/a><\/div><div class=\"su-carousel-slide\"><a href=\"https:\/\/tixengenharia.com.br\/engenharia\/wp-content\/uploads\/2015\/10\/006.jpg\" title=\"Inje\u00e7\u00f5es poliuretano e resinas\"><img src=\"https:\/\/tixengenharia.com.br\/engenharia\/wp-content\/uploads\/2015\/10\/006-182x140.jpg\" alt=\"Inje\u00e7\u00f5es poliuretano e resinas\" \/><span class=\"su-carousel-slide-title\">Inje\u00e7\u00f5es poliuretano e resinas<\/span><\/a><\/div><div class=\"su-carousel-slide\"><a href=\"https:\/\/tixengenharia.com.br\/engenharia\/wp-content\/uploads\/2015\/10\/005.jpg\" title=\"Inje\u00e7\u00f5es poliuretano e resinas\"><img src=\"https:\/\/tixengenharia.com.br\/engenharia\/wp-content\/uploads\/2015\/10\/005-182x140.jpg\" alt=\"Inje\u00e7\u00f5es poliuretano e resinas\" \/><span class=\"su-carousel-slide-title\">Inje\u00e7\u00f5es poliuretano e resinas<\/span><\/a><\/div><div class=\"su-carousel-slide\"><a href=\"https:\/\/tixengenharia.com.br\/engenharia\/wp-content\/uploads\/2015\/10\/004.jpg\" title=\"Inje\u00e7\u00f5es poliuretano e resinas\"><img src=\"https:\/\/tixengenharia.com.br\/engenharia\/wp-content\/uploads\/2015\/10\/004-182x140.jpg\" alt=\"Inje\u00e7\u00f5es poliuretano e resinas\" \/><span class=\"su-carousel-slide-title\">Inje\u00e7\u00f5es poliuretano e resinas<\/span><\/a><\/div><div class=\"su-carousel-slide\"><a href=\"https:\/\/tixengenharia.com.br\/engenharia\/wp-content\/uploads\/2015\/10\/0031.jpg\" title=\"Inje\u00e7\u00f5es poliuretano e resinas\"><img src=\"https:\/\/tixengenharia.com.br\/engenharia\/wp-content\/uploads\/2015\/10\/0031-182x140.jpg\" alt=\"Inje\u00e7\u00f5es poliuretano e resinas\" \/><span class=\"su-carousel-slide-title\">Inje\u00e7\u00f5es poliuretano e resinas<\/span><\/a><\/div><div class=\"su-carousel-slide\"><a href=\"https:\/\/tixengenharia.com.br\/engenharia\/wp-content\/uploads\/2015\/10\/0021.jpg\" title=\"Inje\u00e7\u00f5es poliuretano e resinas\"><img src=\"https:\/\/tixengenharia.com.br\/engenharia\/wp-content\/uploads\/2015\/10\/0021-182x140.jpg\" alt=\"Inje\u00e7\u00f5es poliuretano e resinas\" \/><span class=\"su-carousel-slide-title\">Inje\u00e7\u00f5es poliuretano e resinas<\/span><\/a><\/div><div class=\"su-carousel-slide\"><a href=\"https:\/\/tixengenharia.com.br\/engenharia\/wp-content\/uploads\/2015\/10\/0011.jpg\" title=\"Inje\u00e7\u00f5es poliuretano e resinas\"><img src=\"https:\/\/tixengenharia.com.br\/engenharia\/wp-content\/uploads\/2015\/10\/0011-182x140.jpg\" alt=\"Inje\u00e7\u00f5es poliuretano e resinas\" \/><span class=\"su-carousel-slide-title\">Inje\u00e7\u00f5es poliuretano e resinas<\/span><\/a><\/div><\/div><div class=\"su-carousel-nav\"><div class=\"su-carousel-direction\"><span class=\"su-carousel-prev\"><\/span><span class=\"su-carousel-next\"><\/span><\/div><div class=\"su-carousel-pagination\"><\/div><\/div><\/div>\n<div class=\"su-quote su-quote-style-default\"><div class=\"su-quote-inner su-u-clearfix su-u-trim\">Servi\u00e7os t\u00e9cnicos especializados de inje\u00e7\u00f5es de poliuretano e resinas, com produtos espec\u00edficos de \u00faltima gera\u00e7\u00e3o.<\/div><\/div>\n<div class=\"su-table su-table-alternate\">\n<table>\n<tbody>\n<tr>\n<td><a href=\"http:\/\/tixengenharia.com.br\/engenharia\/servicos\/injecoes-poliuretano-e-resinas\/\" target=\"_blank\" rel=\"noopener noreferrer\">Inje\u00e7\u00f5es de Resina<\/a><\/td>\n<td><a href=\"http:\/\/tixengenharia.com.br\/engenharia\/servicos\/injecoes-poliuretano-e-resinas\/\">Prote\u00e7\u00e3o Estrutura<\/a><\/td>\n<\/tr>\n<tr>\n<td>Inje\u00e7\u00f5es de Resina e Poliuretano<br \/>\nProte\u00e7\u00e3o Estrutura Trincas Fissuras<\/td>\n<td>Inje\u00e7\u00f5es de Resina e Poliuretano<br \/>\nProte\u00e7\u00e3o Estrutura Trincas Fissuras<\/td>\n<\/tr>\n<\/tbody>\n<\/table>\n<\/div>\n","protected":false},"excerpt":{"rendered":"<div class=\"slide-text-bg2\"><span>O Sistema de Inje\u00e7\u00e3o de Resinas Especiais tem o objetivo de proteger a estruturas de concreto selando trincas, fissuras e juntas, de modo de impedir agre<\/span><\/div>\n<div class=\"slide-btn-area-sm\"><a href=\"https:\/\/tixengenharia.com.br\/engenharia\/servicos\/injecoes-poliuretano-e-resinas\/\" class=\"slide-btn-sm\">Ler mais<\/a><\/div>\n","protected":false},"author":1,"featured_media":0,"parent":33,"menu_order":5,"comment_status":"closed","ping_status":"closed","template":"","meta":{"_links_to":"","_links_to_target":""},"yoast_head":"<!-- This site is optimized with the Yoast SEO plugin v17.8 - https:\/\/yoast.com\/wordpress\/plugins\/seo\/ -->\n<title>Impermeabiliza\u00e7\u00e3o Recupera\u00e7\u00e3o Estrutural TIX ENGENHARIA<\/title>\n<meta name=\"description\" content=\"Impermeabiliza\u00e7\u00e3o, refor\u00e7o estrutural, revestimento anticorrosivos s\u00e3o especialidades da TIX ENGENHARIA, obras de todos os portes em todo Brasil.\" \/>\n<meta name=\"robots\" content=\"index, follow, max-snippet:-1, max-image-preview:large, max-video-preview:-1\" \/>\n<link rel=\"canonical\" href=\"https:\/\/tixengenharia.com.br\/engenharia\/servicos\/injecoes-poliuretano-e-resinas\/\" \/>\n<meta property=\"og:locale\" content=\"pt_BR\" \/>\n<meta property=\"og:type\" content=\"article\" \/>\n<meta property=\"og:title\" content=\"Impermeabiliza\u00e7\u00e3o Recupera\u00e7\u00e3o Estrutural TIX ENGENHARIA\" \/>\n<meta property=\"og:description\" content=\"Impermeabiliza\u00e7\u00e3o, refor\u00e7o estrutural, revestimento anticorrosivos s\u00e3o especialidades da TIX ENGENHARIA, obras de todos os portes em todo Brasil.\" \/>\n<meta property=\"og:url\" content=\"https:\/\/tixengenharia.com.br\/engenharia\/servicos\/injecoes-poliuretano-e-resinas\/\" \/>\n<meta property=\"og:site_name\" content=\"Tix Engenharia e Impermeabiliza\u00e7\u00e3o\" \/>\n<meta property=\"article:modified_time\" content=\"2018-12-04T11:46:24+00:00\" \/>\n<meta property=\"og:image\" content=\"http:\/\/tixengenharia.com.br\/engenharia\/wp-content\/uploads\/2015\/10\/banner13.jpg\" \/>\n<meta name=\"twitter:card\" content=\"summary\" \/>\n<meta name=\"twitter:label1\" content=\"Est. tempo de leitura\" \/>\n\t<meta name=\"twitter:data1\" content=\"1 minuto\" \/>\n<script type=\"application\/ld+json\" class=\"yoast-schema-graph\">{\"@context\":\"https:\/\/schema.org\",\"@graph\":[{\"@type\":\"WebSite\",\"@id\":\"https:\/\/tixengenharia.com.br\/engenharia\/#website\",\"url\":\"https:\/\/tixengenharia.com.br\/engenharia\/\",\"name\":\"Tix Engenharia e Impermeabiliza\\u00e7\\u00e3o\",\"description\":\"Impermeabiliza\\u00e7\\u00e3o e Recupera\\u00e7\\u00e3o Estrutural - Tix Engenharia\",\"potentialAction\":[{\"@type\":\"SearchAction\",\"target\":{\"@type\":\"EntryPoint\",\"urlTemplate\":\"https:\/\/tixengenharia.com.br\/engenharia\/?s={search_term_string}\"},\"query-input\":\"required name=search_term_string\"}],\"inLanguage\":\"pt-BR\"},{\"@type\":\"ImageObject\",\"@id\":\"https:\/\/tixengenharia.com.br\/engenharia\/servicos\/injecoes-poliuretano-e-resinas\/#primaryimage\",\"inLanguage\":\"pt-BR\",\"url\":\"http:\/\/tixengenharia.com.br\/engenharia\/wp-content\/uploads\/2015\/10\/banner13.jpg\",\"contentUrl\":\"http:\/\/tixengenharia.com.br\/engenharia\/wp-content\/uploads\/2015\/10\/banner13.jpg\"},{\"@type\":\"WebPage\",\"@id\":\"https:\/\/tixengenharia.com.br\/engenharia\/servicos\/injecoes-poliuretano-e-resinas\/#webpage\",\"url\":\"https:\/\/tixengenharia.com.br\/engenharia\/servicos\/injecoes-poliuretano-e-resinas\/\",\"name\":\"Impermeabiliza\\u00e7\\u00e3o Recupera\\u00e7\\u00e3o Estrutural TIX ENGENHARIA\",\"isPartOf\":{\"@id\":\"https:\/\/tixengenharia.com.br\/engenharia\/#website\"},\"primaryImageOfPage\":{\"@id\":\"https:\/\/tixengenharia.com.br\/engenharia\/servicos\/injecoes-poliuretano-e-resinas\/#primaryimage\"},\"datePublished\":\"2015-10-17T15:06:02+00:00\",\"dateModified\":\"2018-12-04T11:46:24+00:00\",\"description\":\"Impermeabiliza\\u00e7\\u00e3o, refor\\u00e7o estrutural, revestimento anticorrosivos s\\u00e3o especialidades da TIX ENGENHARIA, obras de todos os portes em todo Brasil.\",\"breadcrumb\":{\"@id\":\"https:\/\/tixengenharia.com.br\/engenharia\/servicos\/injecoes-poliuretano-e-resinas\/#breadcrumb\"},\"inLanguage\":\"pt-BR\",\"potentialAction\":[{\"@type\":\"ReadAction\",\"target\":[\"https:\/\/tixengenharia.com.br\/engenharia\/servicos\/injecoes-poliuretano-e-resinas\/\"]}]},{\"@type\":\"BreadcrumbList\",\"@id\":\"https:\/\/tixengenharia.com.br\/engenharia\/servicos\/injecoes-poliuretano-e-resinas\/#breadcrumb\",\"itemListElement\":[{\"@type\":\"ListItem\",\"position\":1,\"name\":\"In\\u00edcio\",\"item\":\"https:\/\/tixengenharia.com.br\/engenharia\/\"},{\"@type\":\"ListItem\",\"position\":2,\"name\":\"Nossos Servi\\u00e7os\",\"item\":\"https:\/\/tixengenharia.com.br\/engenharia\/servicos\/\"},{\"@type\":\"ListItem\",\"position\":3,\"name\":\"Inje\\u00e7\\u00f5es poliuretano e resinas\"}]}]}<\/script>\n<!-- \/ Yoast SEO plugin. -->","yoast_head_json":{"title":"Impermeabiliza\u00e7\u00e3o Recupera\u00e7\u00e3o Estrutural TIX ENGENHARIA","description":"Impermeabiliza\u00e7\u00e3o, refor\u00e7o estrutural, revestimento anticorrosivos s\u00e3o especialidades da TIX ENGENHARIA, obras de todos os portes em todo Brasil.","robots":{"index":"index","follow":"follow","max-snippet":"max-snippet:-1","max-image-preview":"max-image-preview:large","max-video-preview":"max-video-preview:-1"},"canonical":"https:\/\/tixengenharia.com.br\/engenharia\/servicos\/injecoes-poliuretano-e-resinas\/","og_locale":"pt_BR","og_type":"article","og_title":"Impermeabiliza\u00e7\u00e3o Recupera\u00e7\u00e3o Estrutural TIX ENGENHARIA","og_description":"Impermeabiliza\u00e7\u00e3o, refor\u00e7o estrutural, revestimento anticorrosivos s\u00e3o especialidades da TIX ENGENHARIA, obras de todos os portes em todo Brasil.","og_url":"https:\/\/tixengenharia.com.br\/engenharia\/servicos\/injecoes-poliuretano-e-resinas\/","og_site_name":"Tix Engenharia e Impermeabiliza\u00e7\u00e3o","article_modified_time":"2018-12-04T11:46:24+00:00","og_image":[{"url":"http:\/\/tixengenharia.com.br\/engenharia\/wp-content\/uploads\/2015\/10\/banner13.jpg"}],"twitter_card":"summary","twitter_misc":{"Est. tempo de leitura":"1 minuto"},"schema":{"@context":"https:\/\/schema.org","@graph":[{"@type":"WebSite","@id":"https:\/\/tixengenharia.com.br\/engenharia\/#website","url":"https:\/\/tixengenharia.com.br\/engenharia\/","name":"Tix Engenharia e Impermeabiliza\u00e7\u00e3o","description":"Impermeabiliza\u00e7\u00e3o e Recupera\u00e7\u00e3o Estrutural - Tix Engenharia","potentialAction":[{"@type":"SearchAction","target":{"@type":"EntryPoint","urlTemplate":"https:\/\/tixengenharia.com.br\/engenharia\/?s={search_term_string}"},"query-input":"required name=search_term_string"}],"inLanguage":"pt-BR"},{"@type":"ImageObject","@id":"https:\/\/tixengenharia.com.br\/engenharia\/servicos\/injecoes-poliuretano-e-resinas\/#primaryimage","inLanguage":"pt-BR","url":"http:\/\/tixengenharia.com.br\/engenharia\/wp-content\/uploads\/2015\/10\/banner13.jpg","contentUrl":"http:\/\/tixengenharia.com.br\/engenharia\/wp-content\/uploads\/2015\/10\/banner13.jpg"},{"@type":"WebPage","@id":"https:\/\/tixengenharia.com.br\/engenharia\/servicos\/injecoes-poliuretano-e-resinas\/#webpage","url":"https:\/\/tixengenharia.com.br\/engenharia\/servicos\/injecoes-poliuretano-e-resinas\/","name":"Impermeabiliza\u00e7\u00e3o Recupera\u00e7\u00e3o Estrutural TIX ENGENHARIA","isPartOf":{"@id":"https:\/\/tixengenharia.com.br\/engenharia\/#website"},"primaryImageOfPage":{"@id":"https:\/\/tixengenharia.com.br\/engenharia\/servicos\/injecoes-poliuretano-e-resinas\/#primaryimage"},"datePublished":"2015-10-17T15:06:02+00:00","dateModified":"2018-12-04T11:46:24+00:00","description":"Impermeabiliza\u00e7\u00e3o, refor\u00e7o estrutural, revestimento anticorrosivos s\u00e3o especialidades da TIX ENGENHARIA, obras de todos os portes em todo Brasil.","breadcrumb":{"@id":"https:\/\/tixengenharia.com.br\/engenharia\/servicos\/injecoes-poliuretano-e-resinas\/#breadcrumb"},"inLanguage":"pt-BR","potentialAction":[{"@type":"ReadAction","target":["https:\/\/tixengenharia.com.br\/engenharia\/servicos\/injecoes-poliuretano-e-resinas\/"]}]},{"@type":"BreadcrumbList","@id":"https:\/\/tixengenharia.com.br\/engenharia\/servicos\/injecoes-poliuretano-e-resinas\/#breadcrumb","itemListElement":[{"@type":"ListItem","position":1,"name":"In\u00edcio","item":"https:\/\/tixengenharia.com.br\/engenharia\/"},{"@type":"ListItem","position":2,"name":"Nossos Servi\u00e7os","item":"https:\/\/tixengenharia.com.br\/engenharia\/servicos\/"},{"@type":"ListItem","position":3,"name":"Inje\u00e7\u00f5es poliuretano e resinas"}]}]}},"_links":{"self":[{"href":"https:\/\/tixengenharia.com.br\/engenharia\/wp-json\/wp\/v2\/pages\/58"}],"collection":[{"href":"https:\/\/tixengenharia.com.br\/engenharia\/wp-json\/wp\/v2\/pages"}],"about":[{"href":"https:\/\/tixengenharia.com.br\/engenharia\/wp-json\/wp\/v2\/types\/page"}],"author":[{"embeddable":true,"href":"https:\/\/tixengenharia.com.br\/engenharia\/wp-json\/wp\/v2\/users\/1"}],"replies":[{"embeddable":true,"href":"https:\/\/tixengenharia.com.br\/engenharia\/wp-json\/wp\/v2\/comments?post=58"}],"version-history":[{"count":7,"href":"https:\/\/tixengenharia.com.br\/engenharia\/wp-json\/wp\/v2\/pages\/58\/revisions"}],"predecessor-version":[{"id":771,"href":"https:\/\/tixengenharia.com.br\/engenharia\/wp-json\/wp\/v2\/pages\/58\/revisions\/771"}],"up":[{"embeddable":true,"href":"https:\/\/tixengenharia.com.br\/engenharia\/wp-json\/wp\/v2\/pages\/33"}],"wp:attachment":[{"href":"https:\/\/tixengenharia.com.br\/engenharia\/wp-json\/wp\/v2\/media?parent=58"}],"curies":[{"name":"wp","href":"https:\/\/api.w.org\/{rel}","templated":true}]}}