{"id":56,"date":"2015-10-17T12:05:18","date_gmt":"2015-10-17T15:05:18","guid":{"rendered":"http:\/\/tixengenharia.com.br\/engenharia\/?page_id=56"},"modified":"2018-12-04T08:46:18","modified_gmt":"2018-12-04T11:46:18","slug":"recuperacao-estrutural","status":"publish","type":"page","link":"https:\/\/tixengenharia.com.br\/engenharia\/servicos\/recuperacao-estrutural\/","title":{"rendered":"Recupera\u00e7\u00e3o estrutural"},"content":{"rendered":"<div id=\"attachment_389\" style=\"width: 740px\" class=\"wp-caption aligncenter\"><a href=\"http:\/\/tixengenharia.com.br\/engenharia\/obras-em-destaque\/\"><img aria-describedby=\"caption-attachment-389\" loading=\"lazy\" class=\"size-full wp-image-389\" src=\"http:\/\/tixengenharia.com.br\/engenharia\/wp-content\/uploads\/2015\/10\/banner11.jpg\" alt=\"Recupera\u00e7\u00e3o estrutural\" width=\"730\" height=\"190\" srcset=\"https:\/\/tixengenharia.com.br\/engenharia\/wp-content\/uploads\/2015\/10\/banner11.jpg 730w, https:\/\/tixengenharia.com.br\/engenharia\/wp-content\/uploads\/2015\/10\/banner11-300x78.jpg 300w\" sizes=\"(max-width: 730px) 100vw, 730px\" \/><\/a><p id=\"caption-attachment-389\" class=\"wp-caption-text\">Recupera\u00e7\u00e3o estrutural \u00e9 uma das especialidades disponibilidades pela Tix Engenharia!<\/p><\/div>\n<hr \/>\n<p><a href=\"http:\/\/tixengenharia.com.br\/engenharia\/servicos\/recuperacao-estrutural\/\" target=\"_blank\" rel=\"noopener noreferrer\"><strong>Recupera\u00e7\u00e3o e Refor\u00e7o de Estruturas<\/strong><\/a> s\u00e3o atividades t\u00e9cnicas especializadas e aplicadas \u00e0s estruturas de concreto armado ou estruturas met\u00e1licas, que t\u00eam por finalidade recompor a capacidade portante das estruturas, bem como, em muitos casos, reparar danos ou problemas, visando a manuten\u00e7\u00e3o da integridade estrutural ou prolongar a vida \u00fatil dessas estruturas.<\/p>\n<p>A\u00a0<strong>Tix Engenharia<\/strong> \u00e9 especialista em servi\u00e7os de <strong>Recupera\u00e7\u00e3o e Refor\u00e7o de Estruturas<\/strong> aliados a produtos de alta tecnologia! \u00a0<a href=\"http:\/\/tixengenharia.com.br\/engenharia\/contatos\/\">Clique aqui e entre em contato<\/a>!<\/p>\n<hr \/>\n<p><strong>Ver fotos de servi\u00e7os executados:<\/strong><br \/>\n      <style>\r\n              <\/style>\r\n<div id=\"insta-gallery-feed-183787076\" class=\"insta-gallery-feed insta-gallery-square\" data-feed=\"{&quot;id&quot;:2,&quot;order&quot;:2,&quot;username&quot;:&quot;&quot;,&quot;type&quot;:&quot;tag&quot;,&quot;tag&quot;:&quot;TixRecuperacaoEstrutural&quot;,&quot;order_by&quot;:&quot;top_media&quot;,&quot;layout&quot;:&quot;gallery&quot;,&quot;limit&quot;:12,&quot;columns&quot;:3,&quot;resolution&quot;:&quot;standard&quot;,&quot;lazy&quot;:false,&quot;spacing&quot;:0,&quot;highlight&quot;:[&quot;1&quot;,&quot;3&quot;,&quot;5&quot;],&quot;profile&quot;:{&quot;id&quot;:&quot;&quot;,&quot;username&quot;:&quot;&quot;,&quot;website&quot;:&quot;&quot;,&quot;biography&quot;:&quot;&quot;,&quot;name&quot;:&quot;&quot;,&quot;followers_count&quot;:0,&quot;media_count&quot;:0,&quot;profile_picture_url&quot;:&quot;http:\\\/\\\/2.gravatar.com\\\/avatar\\\/b642b4217b34b1e8d3bd915fc65c4452?s=320&amp;d=mm&amp;r=g&quot;,&quot;link&quot;:&quot;&quot;},&quot;box&quot;:{&quot;display&quot;:false,&quot;padding&quot;:1,&quot;radius&quot;:0,&quot;background&quot;:&quot;#fefefe&quot;,&quot;profile&quot;:false,&quot;desc&quot;:&quot;&quot;,&quot;color_text&quot;:&quot;#000000&quot;},&quot;mask&quot;:{&quot;display&quot;:true,&quot;background&quot;:&quot;&quot;,&quot;likes&quot;:&quot;1&quot;,&quot;comments&quot;:&quot;1&quot;},&quot;card&quot;:{&quot;display&quot;:false,&quot;radius&quot;:1,&quot;font_size&quot;:12,&quot;background&quot;:&quot;#ffffff&quot;,&quot;text_color&quot;:&quot;#000000&quot;,&quot;padding&quot;:5,&quot;info&quot;:true,&quot;length&quot;:10,&quot;caption&quot;:true},&quot;carousel&quot;:{&quot;slidespv&quot;:5,&quot;autoplay&quot;:&quot;1&quot;,&quot;autoplay_interval&quot;:3000,&quot;navarrows&quot;:&quot;1&quot;,&quot;navarrows_color&quot;:&quot;&quot;,&quot;pagination&quot;:true,&quot;pagination_color&quot;:&quot;&quot;,&quot;columns&quot;:&quot;3&quot;},&quot;popup&quot;:{&quot;display&quot;:true,&quot;profile&quot;:false,&quot;caption&quot;:&quot;1&quot;,&quot;likes&quot;:false,&quot;comments&quot;:false,&quot;align&quot;:&quot;bottom&quot;},&quot;button&quot;:{&quot;display&quot;:&quot;1&quot;,&quot;text&quot;:&quot;View on Instagram&quot;,&quot;background&quot;:&quot;&quot;,&quot;background_hover&quot;:&quot;&quot;},&quot;button_load&quot;:{&quot;display&quot;:false,&quot;text&quot;:&quot;Load more...&quot;,&quot;background&quot;:&quot;&quot;,&quot;background_hover&quot;:&quot;&quot;},&quot;size&quot;:&quot;medium&quot;,&quot;insta_layout&quot;:&quot;gallery&quot;,&quot;insta_box&quot;:false,&quot;insta_box-padding&quot;:1,&quot;insta_box-radius&quot;:0,&quot;insta_box-background&quot;:&quot;#fefefe&quot;,&quot;insta_box-profile&quot;:false,&quot;insta_box-desc&quot;:&quot;&quot;,&quot;insta_box-color-text&quot;:&quot;#000000&quot;,&quot;insta_button_load&quot;:false,&quot;insta_button_load-background-hover&quot;:&quot;&quot;,&quot;insta_button_load-background&quot;:&quot;&quot;,&quot;insta_button_load-text&quot;:&quot;Load more...&quot;,&quot;insta_button&quot;:&quot;1&quot;,&quot;insta_button-background-hover&quot;:&quot;&quot;,&quot;insta_button-background&quot;:&quot;&quot;,&quot;insta_button-text&quot;:&quot;View on Instagram&quot;,&quot;insta_card&quot;:false,&quot;insta_card-font-size&quot;:12,&quot;insta_card-color-text&quot;:&quot;#000000&quot;,&quot;insta_card-padding&quot;:5,&quot;insta_card-radius&quot;:1,&quot;insta_card-background&quot;:&quot;#ffffff&quot;}\" data-feed_layout=\"gallery\">\r\n    <div class=\"insta-gallery-list\">\r\n  <\/div>\r\n  <div class=\"insta-gallery-spinner\"><\/div>    <div class=\"insta-gallery-actions\">\r\n    <a href=\"https:\/\/www.instagram.com\/\" target=\"blank\" class=\"insta-gallery-button follow\"><i class=\"qligg-icon-instagram-o\"><\/i>View on Instagram<\/a>\r\n  <\/div>\r\n <\/div>\n<hr \/>\n<p><strong>Mais fotos:<\/strong><\/p>\n<p>Clique nas fotos para ampliar ou utilize as setas\u00a0para navegar por\u00a0toda a galeria em destaque:<br \/>\n<div id=\"su_carousel_69f9d68269eb2\" class=\"su-carousel su-carousel-centered su-carousel-pages-yes su-carousel-responsive-yes su-lightbox-gallery\" style=\"width:100%\" data-autoplay=\"3000\" data-speed=\"600\" data-mousewheel=\"true\" data-items=\"3\" data-scroll=\"1\"><div class=\"su-carousel-slides\"><div class=\"su-carousel-slide\"><a href=\"https:\/\/tixengenharia.com.br\/engenharia\/wp-content\/uploads\/2015\/10\/Tix-Engenharia-9.jpg\" title=\"Recupera\u00e7\u00e3o estrutural\"><img src=\"https:\/\/tixengenharia.com.br\/engenharia\/wp-content\/uploads\/2015\/10\/Tix-Engenharia-9-182x140.jpg\" alt=\"Recupera\u00e7\u00e3o estrutural\" \/><span class=\"su-carousel-slide-title\">Recupera\u00e7\u00e3o estrutural<\/span><\/a><\/div><div class=\"su-carousel-slide\"><a href=\"https:\/\/tixengenharia.com.br\/engenharia\/wp-content\/uploads\/2015\/10\/Tix-Engenharia-71.jpg\" title=\"Recupera\u00e7\u00e3o estrutural\"><img src=\"https:\/\/tixengenharia.com.br\/engenharia\/wp-content\/uploads\/2015\/10\/Tix-Engenharia-71-182x140.jpg\" alt=\"Recupera\u00e7\u00e3o estrutural\" \/><span class=\"su-carousel-slide-title\">Recupera\u00e7\u00e3o estrutural<\/span><\/a><\/div><div class=\"su-carousel-slide\"><a href=\"https:\/\/tixengenharia.com.br\/engenharia\/wp-content\/uploads\/2015\/10\/Tix-Engenharia-70.jpg\" title=\"Recupera\u00e7\u00e3o estrutural\"><img src=\"https:\/\/tixengenharia.com.br\/engenharia\/wp-content\/uploads\/2015\/10\/Tix-Engenharia-70-182x140.jpg\" alt=\"Recupera\u00e7\u00e3o estrutural\" \/><span class=\"su-carousel-slide-title\">Recupera\u00e7\u00e3o estrutural<\/span><\/a><\/div><div class=\"su-carousel-slide\"><a href=\"https:\/\/tixengenharia.com.br\/engenharia\/wp-content\/uploads\/2015\/10\/Tix-Engenharia-7.jpg\" title=\"Recupera\u00e7\u00e3o estrutural\"><img src=\"https:\/\/tixengenharia.com.br\/engenharia\/wp-content\/uploads\/2015\/10\/Tix-Engenharia-7-182x140.jpg\" alt=\"Recupera\u00e7\u00e3o estrutural\" \/><span class=\"su-carousel-slide-title\">Recupera\u00e7\u00e3o estrutural<\/span><\/a><\/div><div class=\"su-carousel-slide\"><a href=\"https:\/\/tixengenharia.com.br\/engenharia\/wp-content\/uploads\/2015\/10\/Tix-Engenharia-6.jpg\" title=\"Recupera\u00e7\u00e3o estrutural\"><img src=\"https:\/\/tixengenharia.com.br\/engenharia\/wp-content\/uploads\/2015\/10\/Tix-Engenharia-6-182x140.jpg\" alt=\"Recupera\u00e7\u00e3o estrutural\" \/><span class=\"su-carousel-slide-title\">Recupera\u00e7\u00e3o estrutural<\/span><\/a><\/div><div class=\"su-carousel-slide\"><a href=\"https:\/\/tixengenharia.com.br\/engenharia\/wp-content\/uploads\/2015\/10\/Tix-Engenharia-5.jpg\" title=\"Recupera\u00e7\u00e3o estrutural\"><img src=\"https:\/\/tixengenharia.com.br\/engenharia\/wp-content\/uploads\/2015\/10\/Tix-Engenharia-5-182x140.jpg\" alt=\"Recupera\u00e7\u00e3o estrutural\" \/><span class=\"su-carousel-slide-title\">Recupera\u00e7\u00e3o estrutural<\/span><\/a><\/div><div class=\"su-carousel-slide\"><a href=\"https:\/\/tixengenharia.com.br\/engenharia\/wp-content\/uploads\/2015\/10\/Tix-Engenharia-39.jpg\" title=\"Recupera\u00e7\u00e3o estrutural\"><img src=\"https:\/\/tixengenharia.com.br\/engenharia\/wp-content\/uploads\/2015\/10\/Tix-Engenharia-39-182x140.jpg\" alt=\"Recupera\u00e7\u00e3o estrutural\" \/><span class=\"su-carousel-slide-title\">Recupera\u00e7\u00e3o estrutural<\/span><\/a><\/div><div class=\"su-carousel-slide\"><a href=\"https:\/\/tixengenharia.com.br\/engenharia\/wp-content\/uploads\/2015\/10\/Tix-Engenharia-38.jpg\" title=\"Recupera\u00e7\u00e3o estrutural\"><img src=\"https:\/\/tixengenharia.com.br\/engenharia\/wp-content\/uploads\/2015\/10\/Tix-Engenharia-38-182x140.jpg\" alt=\"Recupera\u00e7\u00e3o estrutural\" \/><span class=\"su-carousel-slide-title\">Recupera\u00e7\u00e3o estrutural<\/span><\/a><\/div><div class=\"su-carousel-slide\"><a href=\"https:\/\/tixengenharia.com.br\/engenharia\/wp-content\/uploads\/2015\/10\/Tix-Engenharia-37.jpg\" title=\"Recupera\u00e7\u00e3o estrutural\"><img src=\"https:\/\/tixengenharia.com.br\/engenharia\/wp-content\/uploads\/2015\/10\/Tix-Engenharia-37-182x140.jpg\" alt=\"Recupera\u00e7\u00e3o estrutural\" \/><span class=\"su-carousel-slide-title\">Recupera\u00e7\u00e3o estrutural<\/span><\/a><\/div><div class=\"su-carousel-slide\"><a href=\"https:\/\/tixengenharia.com.br\/engenharia\/wp-content\/uploads\/2015\/10\/Tix-Engenharia-3.jpg\" title=\"Recupera\u00e7\u00e3o estrutural\"><img src=\"https:\/\/tixengenharia.com.br\/engenharia\/wp-content\/uploads\/2015\/10\/Tix-Engenharia-3-182x140.jpg\" alt=\"Recupera\u00e7\u00e3o estrutural\" \/><span class=\"su-carousel-slide-title\">Recupera\u00e7\u00e3o estrutural<\/span><\/a><\/div><div class=\"su-carousel-slide\"><a href=\"https:\/\/tixengenharia.com.br\/engenharia\/wp-content\/uploads\/2015\/10\/Tix-Engenharia-2.jpg\" title=\"Recupera\u00e7\u00e3o estrutural\"><img src=\"https:\/\/tixengenharia.com.br\/engenharia\/wp-content\/uploads\/2015\/10\/Tix-Engenharia-2-182x140.jpg\" alt=\"Recupera\u00e7\u00e3o estrutural\" \/><span class=\"su-carousel-slide-title\">Recupera\u00e7\u00e3o estrutural<\/span><\/a><\/div><div class=\"su-carousel-slide\"><a href=\"https:\/\/tixengenharia.com.br\/engenharia\/wp-content\/uploads\/2015\/10\/Tix-Engenharia-15.jpg\" title=\"Recupera\u00e7\u00e3o estrutural\"><img src=\"https:\/\/tixengenharia.com.br\/engenharia\/wp-content\/uploads\/2015\/10\/Tix-Engenharia-15-182x140.jpg\" alt=\"Recupera\u00e7\u00e3o estrutural\" \/><span class=\"su-carousel-slide-title\">Recupera\u00e7\u00e3o estrutural<\/span><\/a><\/div><div class=\"su-carousel-slide\"><a href=\"https:\/\/tixengenharia.com.br\/engenharia\/wp-content\/uploads\/2015\/10\/Tix-Engenharia-16.jpg\" title=\"Recupera\u00e7\u00e3o estrutural\"><img src=\"https:\/\/tixengenharia.com.br\/engenharia\/wp-content\/uploads\/2015\/10\/Tix-Engenharia-16-182x140.jpg\" alt=\"Recupera\u00e7\u00e3o estrutural\" \/><span class=\"su-carousel-slide-title\">Recupera\u00e7\u00e3o estrutural<\/span><\/a><\/div><div class=\"su-carousel-slide\"><a href=\"https:\/\/tixengenharia.com.br\/engenharia\/wp-content\/uploads\/2015\/10\/Tix-Engenharia-14.jpg\" title=\"Recupera\u00e7\u00e3o estrutural\"><img src=\"https:\/\/tixengenharia.com.br\/engenharia\/wp-content\/uploads\/2015\/10\/Tix-Engenharia-14-182x140.jpg\" alt=\"Recupera\u00e7\u00e3o estrutural\" \/><span class=\"su-carousel-slide-title\">Recupera\u00e7\u00e3o estrutural<\/span><\/a><\/div><div class=\"su-carousel-slide\"><a href=\"https:\/\/tixengenharia.com.br\/engenharia\/wp-content\/uploads\/2015\/10\/Tix-Engenharia-11.jpg\" title=\"Recupera\u00e7\u00e3o estrutural\"><img src=\"https:\/\/tixengenharia.com.br\/engenharia\/wp-content\/uploads\/2015\/10\/Tix-Engenharia-11-182x140.jpg\" alt=\"Recupera\u00e7\u00e3o estrutural\" \/><span class=\"su-carousel-slide-title\">Recupera\u00e7\u00e3o estrutural<\/span><\/a><\/div><div class=\"su-carousel-slide\"><a href=\"https:\/\/tixengenharia.com.br\/engenharia\/wp-content\/uploads\/2015\/10\/Tix-Engenharia-1.jpg\" title=\"Recupera\u00e7\u00e3o estrutural\"><img src=\"https:\/\/tixengenharia.com.br\/engenharia\/wp-content\/uploads\/2015\/10\/Tix-Engenharia-1-182x140.jpg\" alt=\"Recupera\u00e7\u00e3o estrutural\" \/><span class=\"su-carousel-slide-title\">Recupera\u00e7\u00e3o estrutural<\/span><\/a><\/div><\/div><div class=\"su-carousel-nav\"><div class=\"su-carousel-direction\"><span class=\"su-carousel-prev\"><\/span><span class=\"su-carousel-next\"><\/span><\/div><div class=\"su-carousel-pagination\"><\/div><\/div><\/div>\n<div class=\"su-quote su-quote-style-default\"><div class=\"su-quote-inner su-u-clearfix su-u-trim\">Disponibilizamos solu\u00e7\u00f5es definitivas em recupera\u00e7\u00e3o estrutural, com\u00a0servi\u00e7os t\u00e9cnicos especializados a produtos de \u00faltima gera\u00e7\u00e3o.<\/div><\/div>\n<div class=\"su-table su-table-alternate\">\n<table>\n<tbody>\n<tr>\n<td><a href=\"http:\/\/tixengenharia.com.br\/engenharia\/servicos\/recuperacao-estrutural\/\" target=\"_blank\" rel=\"noopener noreferrer\">Recupera\u00e7\u00e3o Estrutural<\/a><\/td>\n<td><a href=\"http:\/\/tixengenharia.com.br\/engenharia\/servicos\/recuperacao-estrutural\/\" target=\"_blank\" rel=\"noopener noreferrer\">Refor\u00e7o de Estruturas<\/a><\/td>\n<\/tr>\n<tr>\n<td>Recupera\u00e7\u00e3o Estruturas Concreto<br \/>\nRecupera\u00e7\u00e3o Estruturas Met\u00e1licas<\/td>\n<td>Recupera\u00e7\u00e3o Estrutural<br \/>\nRefor\u00e7o e Recupera\u00e7\u00e3o\u00a0Estrutural<\/td>\n<\/tr>\n<\/tbody>\n<\/table>\n<\/div>\n","protected":false},"excerpt":{"rendered":"<div class=\"slide-text-bg2\"><span>Recupera\u00e7\u00e3o e Refor\u00e7o de Estruturas s\u00e3o atividades t\u00e9cnicas especializadas e aplicadas \u00e0s estruturas de concreto armado ou estruturas met\u00e1licas, que<\/span><\/div>\n<div class=\"slide-btn-area-sm\"><a href=\"https:\/\/tixengenharia.com.br\/engenharia\/servicos\/recuperacao-estrutural\/\" class=\"slide-btn-sm\">Ler mais<\/a><\/div>\n","protected":false},"author":1,"featured_media":0,"parent":33,"menu_order":1,"comment_status":"closed","ping_status":"closed","template":"","meta":{"_links_to":"","_links_to_target":""},"yoast_head":"<!-- This site is optimized with the Yoast SEO plugin v17.8 - https:\/\/yoast.com\/wordpress\/plugins\/seo\/ -->\n<title>Impermeabiliza\u00e7\u00e3o Recupera\u00e7\u00e3o Estrutural TIX ENGENHARIA<\/title>\n<meta name=\"description\" content=\"Impermeabiliza\u00e7\u00e3o, refor\u00e7o estrutural, revestimento anticorrosivos s\u00e3o especialidades da TIX ENGENHARIA, obras de todos os portes em todo Brasil.\" \/>\n<meta name=\"robots\" content=\"index, follow, max-snippet:-1, max-image-preview:large, max-video-preview:-1\" \/>\n<link rel=\"canonical\" href=\"https:\/\/tixengenharia.com.br\/engenharia\/servicos\/recuperacao-estrutural\/\" \/>\n<meta property=\"og:locale\" content=\"pt_BR\" \/>\n<meta property=\"og:type\" content=\"article\" \/>\n<meta property=\"og:title\" content=\"Impermeabiliza\u00e7\u00e3o Recupera\u00e7\u00e3o Estrutural TIX ENGENHARIA\" \/>\n<meta property=\"og:description\" content=\"Impermeabiliza\u00e7\u00e3o, refor\u00e7o estrutural, revestimento anticorrosivos s\u00e3o especialidades da TIX ENGENHARIA, obras de todos os portes em todo Brasil.\" \/>\n<meta property=\"og:url\" content=\"https:\/\/tixengenharia.com.br\/engenharia\/servicos\/recuperacao-estrutural\/\" \/>\n<meta property=\"og:site_name\" content=\"Tix Engenharia e Impermeabiliza\u00e7\u00e3o\" \/>\n<meta property=\"article:modified_time\" content=\"2018-12-04T11:46:18+00:00\" \/>\n<meta property=\"og:image\" content=\"http:\/\/tixengenharia.com.br\/engenharia\/wp-content\/uploads\/2015\/10\/banner11.jpg\" \/>\n<meta name=\"twitter:card\" content=\"summary\" \/>\n<meta name=\"twitter:label1\" content=\"Est. tempo de leitura\" \/>\n\t<meta name=\"twitter:data1\" content=\"1 minuto\" \/>\n<script type=\"application\/ld+json\" class=\"yoast-schema-graph\">{\"@context\":\"https:\/\/schema.org\",\"@graph\":[{\"@type\":\"WebSite\",\"@id\":\"https:\/\/tixengenharia.com.br\/engenharia\/#website\",\"url\":\"https:\/\/tixengenharia.com.br\/engenharia\/\",\"name\":\"Tix Engenharia e Impermeabiliza\\u00e7\\u00e3o\",\"description\":\"Impermeabiliza\\u00e7\\u00e3o e Recupera\\u00e7\\u00e3o Estrutural - Tix Engenharia\",\"potentialAction\":[{\"@type\":\"SearchAction\",\"target\":{\"@type\":\"EntryPoint\",\"urlTemplate\":\"https:\/\/tixengenharia.com.br\/engenharia\/?s={search_term_string}\"},\"query-input\":\"required name=search_term_string\"}],\"inLanguage\":\"pt-BR\"},{\"@type\":\"ImageObject\",\"@id\":\"https:\/\/tixengenharia.com.br\/engenharia\/servicos\/recuperacao-estrutural\/#primaryimage\",\"inLanguage\":\"pt-BR\",\"url\":\"http:\/\/tixengenharia.com.br\/engenharia\/wp-content\/uploads\/2015\/10\/banner11.jpg\",\"contentUrl\":\"http:\/\/tixengenharia.com.br\/engenharia\/wp-content\/uploads\/2015\/10\/banner11.jpg\"},{\"@type\":\"WebPage\",\"@id\":\"https:\/\/tixengenharia.com.br\/engenharia\/servicos\/recuperacao-estrutural\/#webpage\",\"url\":\"https:\/\/tixengenharia.com.br\/engenharia\/servicos\/recuperacao-estrutural\/\",\"name\":\"Impermeabiliza\\u00e7\\u00e3o Recupera\\u00e7\\u00e3o Estrutural TIX ENGENHARIA\",\"isPartOf\":{\"@id\":\"https:\/\/tixengenharia.com.br\/engenharia\/#website\"},\"primaryImageOfPage\":{\"@id\":\"https:\/\/tixengenharia.com.br\/engenharia\/servicos\/recuperacao-estrutural\/#primaryimage\"},\"datePublished\":\"2015-10-17T15:05:18+00:00\",\"dateModified\":\"2018-12-04T11:46:18+00:00\",\"description\":\"Impermeabiliza\\u00e7\\u00e3o, refor\\u00e7o estrutural, revestimento anticorrosivos s\\u00e3o especialidades da TIX ENGENHARIA, obras de todos os portes em todo Brasil.\",\"breadcrumb\":{\"@id\":\"https:\/\/tixengenharia.com.br\/engenharia\/servicos\/recuperacao-estrutural\/#breadcrumb\"},\"inLanguage\":\"pt-BR\",\"potentialAction\":[{\"@type\":\"ReadAction\",\"target\":[\"https:\/\/tixengenharia.com.br\/engenharia\/servicos\/recuperacao-estrutural\/\"]}]},{\"@type\":\"BreadcrumbList\",\"@id\":\"https:\/\/tixengenharia.com.br\/engenharia\/servicos\/recuperacao-estrutural\/#breadcrumb\",\"itemListElement\":[{\"@type\":\"ListItem\",\"position\":1,\"name\":\"In\\u00edcio\",\"item\":\"https:\/\/tixengenharia.com.br\/engenharia\/\"},{\"@type\":\"ListItem\",\"position\":2,\"name\":\"Nossos Servi\\u00e7os\",\"item\":\"https:\/\/tixengenharia.com.br\/engenharia\/servicos\/\"},{\"@type\":\"ListItem\",\"position\":3,\"name\":\"Recupera\\u00e7\\u00e3o estrutural\"}]}]}<\/script>\n<!-- \/ Yoast SEO plugin. -->","yoast_head_json":{"title":"Impermeabiliza\u00e7\u00e3o Recupera\u00e7\u00e3o Estrutural TIX ENGENHARIA","description":"Impermeabiliza\u00e7\u00e3o, refor\u00e7o estrutural, revestimento anticorrosivos s\u00e3o especialidades da TIX ENGENHARIA, obras de todos os portes em todo Brasil.","robots":{"index":"index","follow":"follow","max-snippet":"max-snippet:-1","max-image-preview":"max-image-preview:large","max-video-preview":"max-video-preview:-1"},"canonical":"https:\/\/tixengenharia.com.br\/engenharia\/servicos\/recuperacao-estrutural\/","og_locale":"pt_BR","og_type":"article","og_title":"Impermeabiliza\u00e7\u00e3o Recupera\u00e7\u00e3o Estrutural TIX ENGENHARIA","og_description":"Impermeabiliza\u00e7\u00e3o, refor\u00e7o estrutural, revestimento anticorrosivos s\u00e3o especialidades da TIX ENGENHARIA, obras de todos os portes em todo Brasil.","og_url":"https:\/\/tixengenharia.com.br\/engenharia\/servicos\/recuperacao-estrutural\/","og_site_name":"Tix Engenharia e Impermeabiliza\u00e7\u00e3o","article_modified_time":"2018-12-04T11:46:18+00:00","og_image":[{"url":"http:\/\/tixengenharia.com.br\/engenharia\/wp-content\/uploads\/2015\/10\/banner11.jpg"}],"twitter_card":"summary","twitter_misc":{"Est. tempo de leitura":"1 minuto"},"schema":{"@context":"https:\/\/schema.org","@graph":[{"@type":"WebSite","@id":"https:\/\/tixengenharia.com.br\/engenharia\/#website","url":"https:\/\/tixengenharia.com.br\/engenharia\/","name":"Tix Engenharia e Impermeabiliza\u00e7\u00e3o","description":"Impermeabiliza\u00e7\u00e3o e Recupera\u00e7\u00e3o Estrutural - Tix Engenharia","potentialAction":[{"@type":"SearchAction","target":{"@type":"EntryPoint","urlTemplate":"https:\/\/tixengenharia.com.br\/engenharia\/?s={search_term_string}"},"query-input":"required name=search_term_string"}],"inLanguage":"pt-BR"},{"@type":"ImageObject","@id":"https:\/\/tixengenharia.com.br\/engenharia\/servicos\/recuperacao-estrutural\/#primaryimage","inLanguage":"pt-BR","url":"http:\/\/tixengenharia.com.br\/engenharia\/wp-content\/uploads\/2015\/10\/banner11.jpg","contentUrl":"http:\/\/tixengenharia.com.br\/engenharia\/wp-content\/uploads\/2015\/10\/banner11.jpg"},{"@type":"WebPage","@id":"https:\/\/tixengenharia.com.br\/engenharia\/servicos\/recuperacao-estrutural\/#webpage","url":"https:\/\/tixengenharia.com.br\/engenharia\/servicos\/recuperacao-estrutural\/","name":"Impermeabiliza\u00e7\u00e3o Recupera\u00e7\u00e3o Estrutural TIX ENGENHARIA","isPartOf":{"@id":"https:\/\/tixengenharia.com.br\/engenharia\/#website"},"primaryImageOfPage":{"@id":"https:\/\/tixengenharia.com.br\/engenharia\/servicos\/recuperacao-estrutural\/#primaryimage"},"datePublished":"2015-10-17T15:05:18+00:00","dateModified":"2018-12-04T11:46:18+00:00","description":"Impermeabiliza\u00e7\u00e3o, refor\u00e7o estrutural, revestimento anticorrosivos s\u00e3o especialidades da TIX ENGENHARIA, obras de todos os portes em todo Brasil.","breadcrumb":{"@id":"https:\/\/tixengenharia.com.br\/engenharia\/servicos\/recuperacao-estrutural\/#breadcrumb"},"inLanguage":"pt-BR","potentialAction":[{"@type":"ReadAction","target":["https:\/\/tixengenharia.com.br\/engenharia\/servicos\/recuperacao-estrutural\/"]}]},{"@type":"BreadcrumbList","@id":"https:\/\/tixengenharia.com.br\/engenharia\/servicos\/recuperacao-estrutural\/#breadcrumb","itemListElement":[{"@type":"ListItem","position":1,"name":"In\u00edcio","item":"https:\/\/tixengenharia.com.br\/engenharia\/"},{"@type":"ListItem","position":2,"name":"Nossos Servi\u00e7os","item":"https:\/\/tixengenharia.com.br\/engenharia\/servicos\/"},{"@type":"ListItem","position":3,"name":"Recupera\u00e7\u00e3o estrutural"}]}]}},"_links":{"self":[{"href":"https:\/\/tixengenharia.com.br\/engenharia\/wp-json\/wp\/v2\/pages\/56"}],"collection":[{"href":"https:\/\/tixengenharia.com.br\/engenharia\/wp-json\/wp\/v2\/pages"}],"about":[{"href":"https:\/\/tixengenharia.com.br\/engenharia\/wp-json\/wp\/v2\/types\/page"}],"author":[{"embeddable":true,"href":"https:\/\/tixengenharia.com.br\/engenharia\/wp-json\/wp\/v2\/users\/1"}],"replies":[{"embeddable":true,"href":"https:\/\/tixengenharia.com.br\/engenharia\/wp-json\/wp\/v2\/comments?post=56"}],"version-history":[{"count":9,"href":"https:\/\/tixengenharia.com.br\/engenharia\/wp-json\/wp\/v2\/pages\/56\/revisions"}],"predecessor-version":[{"id":774,"href":"https:\/\/tixengenharia.com.br\/engenharia\/wp-json\/wp\/v2\/pages\/56\/revisions\/774"}],"up":[{"embeddable":true,"href":"https:\/\/tixengenharia.com.br\/engenharia\/wp-json\/wp\/v2\/pages\/33"}],"wp:attachment":[{"href":"https:\/\/tixengenharia.com.br\/engenharia\/wp-json\/wp\/v2\/media?parent=56"}],"curies":[{"name":"wp","href":"https:\/\/api.w.org\/{rel}","templated":true}]}}