{"id":35,"date":"2015-10-15T17:40:14","date_gmt":"2015-10-15T20:40:14","guid":{"rendered":"http:\/\/tixengenharia.com.br\/engenharia\/?page_id=35"},"modified":"2017-05-26T10:53:56","modified_gmt":"2017-05-26T13:53:56","slug":"apresentacao","status":"publish","type":"page","link":"https:\/\/tixengenharia.com.br\/engenharia\/","title":{"rendered":"Tix Engenharia e Impermeabiliza\u00e7\u00e3o"},"content":{"rendered":"<p style=\"text-align: justify;\">A <strong><a href=\"http:\/\/tixengenharia.com.br\/engenharia\">TIX ENGENHARIA E IMPERMEABILIZA\u00c7\u00c3O <\/a><\/strong>\u00e9 uma empresa especializada em impermeabiliza\u00e7\u00f5es, reparos estruturais e corros\u00e3o. Possui em seu corpo t\u00e9cnico engenheiros e t\u00e9cnicos, dedicados exclusivamente nesses segmentos.<\/p>\n<p style=\"text-align: justify;\">Possui em seu portf\u00f3lio uma grande quantidade de obras executadas de impermeabiliza\u00e7\u00e3o,\u00a0recupera\u00e7\u00e3o estrutural, tratamentos de juntas e revestimentos anticorrosivos.<br \/>\nUtiliza as mais variadas tecnologias dispon\u00edveis, tais como poliuretanos, uretanos,\u00a0ep\u00f3xis, mantas asf\u00e1lticas, cristalizantes, pol\u00edmeros diversos, materiais pr\u00e9-formados ou<br \/>\nmoldados in loco, sempre em estreita atua\u00e7\u00e3o junto \u00e0s engenharias de produto e ao corpo\u00a0t\u00e9cnico dos contratantes.<\/p>\n<p style=\"text-align: justify;\">Entre os tipos de obras executadas, h\u00e1 ind\u00fastrias papeleiras, de alimentos, metal-mec\u00e2nicas, shoppings, edif\u00edcios comerciais e residenciais, refinarias, clubes recreativos e\u00a0etc.<br \/>\nSempre em busca de tecnologias inovadoras, a <a href=\"http:\/\/tixengenharia.com.br\/engenharia\"><strong>TIX<\/strong> <\/a>investe continuamente em treinamento,\u00a0novas tecnologias e em equipamentos.<\/p>\n<p style=\"text-align: justify;\">A <a href=\"http:\/\/tixengenharia.com.br\/engenharia\"><strong>TIX<\/strong> <\/a>possui extenso know-how t\u00e9cnico, mantido tamb\u00e9m em conson\u00e2ncia com as mudan\u00e7as cont\u00ednuas de mercado e com parcerias duradouras com os mais proeminentes fornecedores de materiais para a execu\u00e7\u00e3o dos servi\u00e7os. Dentre estes fornecedores, destacam-se <a href=\"http:\/\/www.viapol.com.br\/\" target=\"_blank\" rel=\"noopener noreferrer\">Viapol<\/a>, <a href=\"http:\/\/www.denverimper.com.br\/\" target=\"_blank\" rel=\"noopener noreferrer\">Denverimper<\/a>,\u00a0<a href=\"http:\/\/www.ihiper.com.br\/\" target=\"_blank\" rel=\"noopener noreferrer\">Ihiper,<\/a>\u00a0<a href=\"http:\/\/www.uniontech.com.br\" target=\"_blank\" rel=\"noopener noreferrer\">Uniontech<\/a>,\u00a0<a href=\"http:\/\/sika.com.br\" target=\"_blank\" rel=\"noopener noreferrer\">Sika<\/a>, dentre outras.<\/p>\n<p style=\"text-align: justify;\">Dentre seus clientes, cita-se <a href=\"http:\/\/vectraconstrutora.com.br\/\" target=\"_blank\" rel=\"noopener noreferrer\">Vectra Construtora<\/a>, <a href=\"http:\/\/www.plaenge.com.br\/\" target=\"_blank\" rel=\"noopener noreferrer\">Plaenge<\/a>, <a href=\"http:\/\/www.ayoshii.com.br\/\" target=\"_blank\" rel=\"noopener noreferrer\">A. Yoshii<\/a>, <a href=\"http:\/\/www.camargocorrea.com.br\/\" target=\"_blank\" rel=\"noopener noreferrer\">Camargo Correa<\/a>, <a href=\"http:\/\/cacique.com.br\/\" target=\"_blank\" rel=\"noopener noreferrer\">Cacique Sol\u00favel<\/a>, <a href=\"http:\/\/www.coamo.com.br\/\" target=\"_blank\" rel=\"noopener noreferrer\">Coamo<\/a>, <a href=\"https:\/\/www.klabin.com.br\" target=\"_blank\" rel=\"noopener noreferrer\">Klabin<\/a>, <a href=\"http:\/\/www.petrobras.com.br\/\" target=\"_blank\" rel=\"noopener noreferrer\">Petrobras<\/a>, <a href=\"http:\/\/www.fibria.com.br\" target=\"_blank\" rel=\"noopener noreferrer\">Fibria\/VCP,<\/a> <a href=\"http:\/\/site.sabesp.com.br\/\" target=\"_blank\" rel=\"noopener noreferrer\">Sabesp<\/a>, <a href=\"http:\/\/www.sanepar.com.br\" target=\"_blank\" rel=\"noopener noreferrer\">Sanepar<\/a>, <a href=\"http:\/\/www.cesbe.com.br\/\" target=\"_blank\" rel=\"noopener noreferrer\">Cesbe<\/a>, <a href=\"http:\/\/www.cocacola.com.br\/\" target=\"_blank\" rel=\"noopener noreferrer\">Coca Cola (Spaipa)<\/a>, Milenia, <a href=\"http:\/\/www.oas.com\/\" target=\"_blank\" rel=\"noopener noreferrer\">OAS <\/a>,\u00a0entre tantos outros.<\/p>\n<p>A <a href=\"http:\/\/tixengenharia.com.br\/engenharia\"><strong>TIX<\/strong> <\/a>possui quadro pr\u00f3prio de colaboradores, com baixa rotatividade de pessoal, todos devidamente qualificados e continuamente treinados.<\/p>\n<hr \/>\n<p><a  href=\"http:\/\/tixengenharia.com.br\/engenharia\/wp-content\/uploads\/2015\/10\/tix.jpg\" data-rel=\"lightbox-gallery-0\" data-rl_title=\"Tix Engenharia e Impermeabiliza\u00e7\u00e3o\" data-rl_caption=\"\" title=\"Tix Engenharia e Impermeabiliza\u00e7\u00e3o\"><img loading=\"lazy\" class=\"alignleft wp-image-197 size-medium\" title=\"impermeabiliza\u00e7\u00e3o\" src=\"http:\/\/tixengenharia.com.br\/engenharia\/wp-content\/uploads\/2015\/10\/tix-300x140.jpg\" alt=\"impermeabiliza\u00e7\u00e3o tix engenharia\" width=\"300\" height=\"140\" srcset=\"https:\/\/tixengenharia.com.br\/engenharia\/wp-content\/uploads\/2015\/10\/tix-300x140.jpg 300w, https:\/\/tixengenharia.com.br\/engenharia\/wp-content\/uploads\/2015\/10\/tix.jpg 330w\" sizes=\"(max-width: 300px) 100vw, 300px\" \/><\/a><strong><a href=\"http:\/\/tixengenharia.com.br\/engenharia\">TIX ENGENHARIA LTDA<\/a><\/strong><br \/>\n<strong>Rua Chepli Tanus Daher, 115<br \/>\nJardim Acapulco | Londrina &#8211; PR<br \/>\nCEP:\u00a0<\/strong><strong>33450-100<br \/>\n<a href=\"mailto:tix@tixengenharia.com.br\" target=\"_blank\" rel=\"noopener noreferrer\">tix@tixengenharia.com.br<\/a><\/strong><br \/>\n<strong>(43)\u00a03345-0100<\/strong><\/p>\n<hr \/>\n","protected":false},"excerpt":{"rendered":"<div class=\"slide-text-bg2\"><span>A TIX ENGENHARIA E IMPERMEABILIZA\u00c7\u00c3O \u00e9 uma empresa especializada em impermeabiliza\u00e7\u00f5es, reparos estruturais e corros\u00e3o. Possui em seu corpo t\u00e9cnico <\/span><\/div>\n<div class=\"slide-btn-area-sm\"><a href=\"https:\/\/tixengenharia.com.br\/engenharia\/\" class=\"slide-btn-sm\">Ler mais<\/a><\/div>\n","protected":false},"author":1,"featured_media":0,"parent":86,"menu_order":0,"comment_status":"closed","ping_status":"closed","template":"template-homepage.php","meta":{"_links_to":"","_links_to_target":""},"yoast_head":"<!-- This site is optimized with the Yoast SEO plugin v17.8 - https:\/\/yoast.com\/wordpress\/plugins\/seo\/ -->\n<title>Impermeabiliza\u00e7\u00e3o Recupera\u00e7\u00e3o Estrutural TIX ENGENHARIA<\/title>\n<meta name=\"description\" content=\"Impermeabiliza\u00e7\u00e3o, refor\u00e7o estrutural, revestimento anticorrosivos s\u00e3o especialidades da TIX ENGENHARIA, obras de todos os portes em todo Brasil.\" \/>\n<meta name=\"robots\" content=\"index, follow, max-snippet:-1, max-image-preview:large, max-video-preview:-1\" \/>\n<link rel=\"canonical\" href=\"https:\/\/tixengenharia.com.br\/engenharia\/\" \/>\n<meta property=\"og:locale\" content=\"pt_BR\" \/>\n<meta property=\"og:type\" content=\"article\" \/>\n<meta property=\"og:title\" content=\"Impermeabiliza\u00e7\u00e3o Recupera\u00e7\u00e3o Estrutural TIX ENGENHARIA\" \/>\n<meta property=\"og:description\" content=\"Impermeabiliza\u00e7\u00e3o, refor\u00e7o estrutural, revestimento anticorrosivos s\u00e3o especialidades da TIX ENGENHARIA, obras de todos os portes em todo Brasil.\" \/>\n<meta property=\"og:url\" content=\"https:\/\/tixengenharia.com.br\/engenharia\/\" \/>\n<meta property=\"og:site_name\" content=\"Tix Engenharia e Impermeabiliza\u00e7\u00e3o\" \/>\n<meta property=\"article:modified_time\" content=\"2017-05-26T13:53:56+00:00\" \/>\n<meta property=\"og:image\" content=\"http:\/\/tixengenharia.com.br\/engenharia\/wp-content\/uploads\/2015\/10\/tix-300x140.jpg\" \/>\n<meta name=\"twitter:card\" content=\"summary\" \/>\n<meta name=\"twitter:label1\" content=\"Est. tempo de leitura\" \/>\n\t<meta name=\"twitter:data1\" content=\"1 minuto\" \/>\n<script type=\"application\/ld+json\" class=\"yoast-schema-graph\">{\"@context\":\"https:\/\/schema.org\",\"@graph\":[{\"@type\":\"WebSite\",\"@id\":\"https:\/\/tixengenharia.com.br\/engenharia\/#website\",\"url\":\"https:\/\/tixengenharia.com.br\/engenharia\/\",\"name\":\"Tix Engenharia e Impermeabiliza\\u00e7\\u00e3o\",\"description\":\"Impermeabiliza\\u00e7\\u00e3o e Recupera\\u00e7\\u00e3o Estrutural - Tix Engenharia\",\"potentialAction\":[{\"@type\":\"SearchAction\",\"target\":{\"@type\":\"EntryPoint\",\"urlTemplate\":\"https:\/\/tixengenharia.com.br\/engenharia\/?s={search_term_string}\"},\"query-input\":\"required name=search_term_string\"}],\"inLanguage\":\"pt-BR\"},{\"@type\":\"ImageObject\",\"@id\":\"https:\/\/tixengenharia.com.br\/engenharia\/#primaryimage\",\"inLanguage\":\"pt-BR\",\"url\":\"http:\/\/tixengenharia.com.br\/engenharia\/wp-content\/uploads\/2015\/10\/tix-300x140.jpg\",\"contentUrl\":\"http:\/\/tixengenharia.com.br\/engenharia\/wp-content\/uploads\/2015\/10\/tix-300x140.jpg\"},{\"@type\":\"WebPage\",\"@id\":\"https:\/\/tixengenharia.com.br\/engenharia\/#webpage\",\"url\":\"https:\/\/tixengenharia.com.br\/engenharia\/\",\"name\":\"Impermeabiliza\\u00e7\\u00e3o Recupera\\u00e7\\u00e3o Estrutural TIX ENGENHARIA\",\"isPartOf\":{\"@id\":\"https:\/\/tixengenharia.com.br\/engenharia\/#website\"},\"primaryImageOfPage\":{\"@id\":\"https:\/\/tixengenharia.com.br\/engenharia\/#primaryimage\"},\"datePublished\":\"2015-10-15T20:40:14+00:00\",\"dateModified\":\"2017-05-26T13:53:56+00:00\",\"description\":\"Impermeabiliza\\u00e7\\u00e3o, refor\\u00e7o estrutural, revestimento anticorrosivos s\\u00e3o especialidades da TIX ENGENHARIA, obras de todos os portes em todo Brasil.\",\"breadcrumb\":{\"@id\":\"https:\/\/tixengenharia.com.br\/engenharia\/#breadcrumb\"},\"inLanguage\":\"pt-BR\",\"potentialAction\":[{\"@type\":\"ReadAction\",\"target\":[\"https:\/\/tixengenharia.com.br\/engenharia\/\"]}]},{\"@type\":\"BreadcrumbList\",\"@id\":\"https:\/\/tixengenharia.com.br\/engenharia\/#breadcrumb\",\"itemListElement\":[{\"@type\":\"ListItem\",\"position\":1,\"name\":\"In\\u00edcio\",\"item\":\"https:\/\/tixengenharia.com.br\/engenharia\/\"},{\"@type\":\"ListItem\",\"position\":2,\"name\":\"Empresa\",\"item\":\"https:\/\/tixengenharia.com.br\/engenharia\/empresa\/\"},{\"@type\":\"ListItem\",\"position\":3,\"name\":\"Tix Engenharia e Impermeabiliza\\u00e7\\u00e3o\"}]}]}<\/script>\n<!-- \/ Yoast SEO plugin. -->","yoast_head_json":{"title":"Impermeabiliza\u00e7\u00e3o Recupera\u00e7\u00e3o Estrutural TIX ENGENHARIA","description":"Impermeabiliza\u00e7\u00e3o, refor\u00e7o estrutural, revestimento anticorrosivos s\u00e3o especialidades da TIX ENGENHARIA, obras de todos os portes em todo Brasil.","robots":{"index":"index","follow":"follow","max-snippet":"max-snippet:-1","max-image-preview":"max-image-preview:large","max-video-preview":"max-video-preview:-1"},"canonical":"https:\/\/tixengenharia.com.br\/engenharia\/","og_locale":"pt_BR","og_type":"article","og_title":"Impermeabiliza\u00e7\u00e3o Recupera\u00e7\u00e3o Estrutural TIX ENGENHARIA","og_description":"Impermeabiliza\u00e7\u00e3o, refor\u00e7o estrutural, revestimento anticorrosivos s\u00e3o especialidades da TIX ENGENHARIA, obras de todos os portes em todo Brasil.","og_url":"https:\/\/tixengenharia.com.br\/engenharia\/","og_site_name":"Tix Engenharia e Impermeabiliza\u00e7\u00e3o","article_modified_time":"2017-05-26T13:53:56+00:00","og_image":[{"url":"http:\/\/tixengenharia.com.br\/engenharia\/wp-content\/uploads\/2015\/10\/tix-300x140.jpg"}],"twitter_card":"summary","twitter_misc":{"Est. tempo de leitura":"1 minuto"},"schema":{"@context":"https:\/\/schema.org","@graph":[{"@type":"WebSite","@id":"https:\/\/tixengenharia.com.br\/engenharia\/#website","url":"https:\/\/tixengenharia.com.br\/engenharia\/","name":"Tix Engenharia e Impermeabiliza\u00e7\u00e3o","description":"Impermeabiliza\u00e7\u00e3o e Recupera\u00e7\u00e3o Estrutural - Tix Engenharia","potentialAction":[{"@type":"SearchAction","target":{"@type":"EntryPoint","urlTemplate":"https:\/\/tixengenharia.com.br\/engenharia\/?s={search_term_string}"},"query-input":"required name=search_term_string"}],"inLanguage":"pt-BR"},{"@type":"ImageObject","@id":"https:\/\/tixengenharia.com.br\/engenharia\/#primaryimage","inLanguage":"pt-BR","url":"http:\/\/tixengenharia.com.br\/engenharia\/wp-content\/uploads\/2015\/10\/tix-300x140.jpg","contentUrl":"http:\/\/tixengenharia.com.br\/engenharia\/wp-content\/uploads\/2015\/10\/tix-300x140.jpg"},{"@type":"WebPage","@id":"https:\/\/tixengenharia.com.br\/engenharia\/#webpage","url":"https:\/\/tixengenharia.com.br\/engenharia\/","name":"Impermeabiliza\u00e7\u00e3o Recupera\u00e7\u00e3o Estrutural TIX ENGENHARIA","isPartOf":{"@id":"https:\/\/tixengenharia.com.br\/engenharia\/#website"},"primaryImageOfPage":{"@id":"https:\/\/tixengenharia.com.br\/engenharia\/#primaryimage"},"datePublished":"2015-10-15T20:40:14+00:00","dateModified":"2017-05-26T13:53:56+00:00","description":"Impermeabiliza\u00e7\u00e3o, refor\u00e7o estrutural, revestimento anticorrosivos s\u00e3o especialidades da TIX ENGENHARIA, obras de todos os portes em todo Brasil.","breadcrumb":{"@id":"https:\/\/tixengenharia.com.br\/engenharia\/#breadcrumb"},"inLanguage":"pt-BR","potentialAction":[{"@type":"ReadAction","target":["https:\/\/tixengenharia.com.br\/engenharia\/"]}]},{"@type":"BreadcrumbList","@id":"https:\/\/tixengenharia.com.br\/engenharia\/#breadcrumb","itemListElement":[{"@type":"ListItem","position":1,"name":"In\u00edcio","item":"https:\/\/tixengenharia.com.br\/engenharia\/"},{"@type":"ListItem","position":2,"name":"Empresa","item":"https:\/\/tixengenharia.com.br\/engenharia\/empresa\/"},{"@type":"ListItem","position":3,"name":"Tix Engenharia e Impermeabiliza\u00e7\u00e3o"}]}]}},"_links":{"self":[{"href":"https:\/\/tixengenharia.com.br\/engenharia\/wp-json\/wp\/v2\/pages\/35"}],"collection":[{"href":"https:\/\/tixengenharia.com.br\/engenharia\/wp-json\/wp\/v2\/pages"}],"about":[{"href":"https:\/\/tixengenharia.com.br\/engenharia\/wp-json\/wp\/v2\/types\/page"}],"author":[{"embeddable":true,"href":"https:\/\/tixengenharia.com.br\/engenharia\/wp-json\/wp\/v2\/users\/1"}],"replies":[{"embeddable":true,"href":"https:\/\/tixengenharia.com.br\/engenharia\/wp-json\/wp\/v2\/comments?post=35"}],"version-history":[{"count":9,"href":"https:\/\/tixengenharia.com.br\/engenharia\/wp-json\/wp\/v2\/pages\/35\/revisions"}],"predecessor-version":[{"id":570,"href":"https:\/\/tixengenharia.com.br\/engenharia\/wp-json\/wp\/v2\/pages\/35\/revisions\/570"}],"up":[{"embeddable":true,"href":"https:\/\/tixengenharia.com.br\/engenharia\/wp-json\/wp\/v2\/pages\/86"}],"wp:attachment":[{"href":"https:\/\/tixengenharia.com.br\/engenharia\/wp-json\/wp\/v2\/media?parent=35"}],"curies":[{"name":"wp","href":"https:\/\/api.w.org\/{rel}","templated":true}]}}