{"id":33,"date":"2015-10-15T16:58:27","date_gmt":"2015-10-15T19:58:27","guid":{"rendered":"http:\/\/tixengenharia.com.br\/engenharia\/?page_id=33"},"modified":"2017-05-26T10:55:13","modified_gmt":"2017-05-26T13:55:13","slug":"servicos","status":"publish","type":"page","link":"https:\/\/tixengenharia.com.br\/engenharia\/servicos\/","title":{"rendered":"Nossos Servi\u00e7os"},"content":{"rendered":"<p>Clique nos bot\u00f5es abaixo e saiba mais sobre os nossos principais servi\u00e7os:<\/p>\n<p style=\"text-align: center;\"><a href=\"http:\/\/tixengenharia.com.br\/engenharia\/servicos\/impermeabilizacoes\/\" class=\"su-button su-button-style-default\" style=\"color:#FFFFFF;background-color:#2D89EF;border-color:#246ec0;border-radius:5px;-moz-border-radius:5px;-webkit-border-radius:5px\" target=\"_self\"><span style=\"color:#FFFFFF;padding:6px 16px;font-size:13px;line-height:20px;border-color:#6cadf4;border-radius:5px;-moz-border-radius:5px;-webkit-border-radius:5px;text-shadow:none;-moz-text-shadow:none;-webkit-text-shadow:none\"><i class=\"sui sui-check-circle\" style=\"font-size:13px;color:#FFFFFF\"><\/i> Impermeabiliza\u00e7\u00f5es<\/span><\/a>\u00a0<a href=\"http:\/\/tixengenharia.com.br\/engenharia\/servicos\/recuperacao-estrutural\/\" class=\"su-button su-button-style-default\" style=\"color:#FFFFFF;background-color:#2D89EF;border-color:#246ec0;border-radius:5px;-moz-border-radius:5px;-webkit-border-radius:5px\" target=\"_self\"><span style=\"color:#FFFFFF;padding:6px 16px;font-size:13px;line-height:20px;border-color:#6cadf4;border-radius:5px;-moz-border-radius:5px;-webkit-border-radius:5px;text-shadow:none;-moz-text-shadow:none;-webkit-text-shadow:none\"><i class=\"sui sui-check-circle\" style=\"font-size:13px;color:#FFFFFF\"><\/i> Recupera\u00e7\u00e3o estrutural<\/span><\/a>\u00a0<a href=\"http:\/\/tixengenharia.com.br\/engenharia\/servicos\/revestimentos-anticorrosivos\/\" class=\"su-button su-button-style-default\" style=\"color:#FFFFFF;background-color:#2D89EF;border-color:#246ec0;border-radius:5px;-moz-border-radius:5px;-webkit-border-radius:5px\" target=\"_self\"><span style=\"color:#FFFFFF;padding:6px 16px;font-size:13px;line-height:20px;border-color:#6cadf4;border-radius:5px;-moz-border-radius:5px;-webkit-border-radius:5px;text-shadow:none;-moz-text-shadow:none;-webkit-text-shadow:none\"><i class=\"sui sui-check-circle\" style=\"font-size:13px;color:#FFFFFF\"><\/i> Revestimentos anticorrosivos<\/span><\/a>\n<p style=\"text-align: center;\">\u00a0<a href=\"http:\/\/tixengenharia.com.br\/engenharia\/servicos\/injecoes-poliuretano-e-resinas\/\" class=\"su-button su-button-style-default\" style=\"color:#FFFFFF;background-color:#2D89EF;border-color:#246ec0;border-radius:5px;-moz-border-radius:5px;-webkit-border-radius:5px\" target=\"_self\"><span style=\"color:#FFFFFF;padding:6px 16px;font-size:13px;line-height:20px;border-color:#6cadf4;border-radius:5px;-moz-border-radius:5px;-webkit-border-radius:5px;text-shadow:none;-moz-text-shadow:none;-webkit-text-shadow:none\"><i class=\"sui sui-check-circle\" style=\"font-size:13px;color:#FFFFFF\"><\/i> Inje\u00e7\u00f5es com poliuretano e resinas<\/span><\/a>\n<div class=\"su-spoiler su-spoiler-style-fancy su-spoiler-icon-arrow su-spoiler-closed\" data-scroll-offset=\"0\" data-anchor-in-url=\"no\"><div class=\"su-spoiler-title\" tabindex=\"0\" role=\"button\"><span class=\"su-spoiler-icon\"><\/span>O que fazemos<\/div><div class=\"su-spoiler-content su-u-clearfix su-u-trim\">\nA <strong>TIX ENGENHARIA E IMPERMEABILIZA\u00c7\u00c3O<\/strong> fornece solu\u00e7\u00f5es completas e espec\u00edficas para constru\u00e7\u00f5es ou reformas em edifica\u00e7\u00f5es industriais, comerciais ou residenciais, contribuindo com solu\u00e7\u00f5es completas, especialmente em patologias que impliquem:\u00a0<strong><a href=\"http:\/\/tixengenharia.com.br\/engenharia\/servicos\/impermeabilizacoes\/\">impermeabiliza\u00e7\u00f5es<\/a><\/strong>, <strong><a href=\"http:\/\/tixengenharia.com.br\/engenharia\/servicos\/recuperacao-estrutural\/\">recupera\u00e7\u00e3o estrutural<\/a><\/strong>, <strong><a href=\"http:\/\/tixengenharia.com.br\/engenharia\/servicos\/revestimentos-anticorrosivos\/\">revestimentos anticorrosivos<\/a><\/strong> e <strong><a href=\"http:\/\/tixengenharia.com.br\/engenharia\/servicos\/injecoes-poliuretano-e-resinas\/\">inje\u00e7\u00f5es com poliuretano e resinas<\/a><\/strong>.<\/p>\n<\/div><\/div>\n<div class=\"su-spoiler su-spoiler-style-fancy su-spoiler-icon-arrow su-spoiler-closed\" data-scroll-offset=\"0\" data-anchor-in-url=\"no\"><div class=\"su-spoiler-title\" tabindex=\"0\" role=\"button\"><span class=\"su-spoiler-icon\"><\/span>Como fazemos<\/div><div class=\"su-spoiler-content su-u-clearfix su-u-trim\">\n<p style=\"text-align: justify;\">A <strong>TIX ENGENHARIA E IMPERMEABILIZA\u00c7\u00c3O<\/strong> fornece solu\u00e7\u00f5es completas e espec\u00edficas para necessidades espec\u00edficas da constru\u00e7\u00e3o civil,especialmente relacionadas a impermeabiliza\u00e7\u00e3o e recupera\u00e7\u00e3o Estrutural.<br \/>\nAlinhando experi\u00eancia de um time completo, que re\u00fane engenheiros competentes e experiente equipe t\u00e9cnica, fornecemos solu\u00e7\u00f5es espec\u00edficas atrav\u00e9s do profundo estudo de cada caso bem como da \u00e1rea a ser diagnosticada, utilizamos ainda produtos de alta tecnologia, exclusivamente destinados cada interven\u00e7\u00e3o.<\/p>\n<\/div><\/div>\n<div class=\"su-spoiler su-spoiler-style-fancy su-spoiler-icon-arrow su-spoiler-closed\" data-scroll-offset=\"0\" data-anchor-in-url=\"no\"><div class=\"su-spoiler-title\" tabindex=\"0\" role=\"button\"><span class=\"su-spoiler-icon\"><\/span>Para quem fazemos<\/div><div class=\"su-spoiler-content su-u-clearfix su-u-trim\">\n<p style=\"text-align: justify;\">A <strong>TIX ENGENHARIA E IMPERMEABILIZA\u00c7\u00c3O<\/strong> t\u00eam listados dentre seus clientes empresas de diferentes segmentos, al\u00e9m de expressivas ind\u00fastrias e incorporadoras, que confiam \u00e0 nossa empresa solu\u00e7\u00f5es em diferentes casos, onde se fa\u00e7a necess\u00e1rio diagn\u00f3stico, laudo e interven\u00e7\u00e3o atrav\u00e9s de servi\u00e7os de <strong><a href=\"http:\/\/tixengenharia.com.br\/engenharia\/servicos\/impermeabilizacoes\/\">impermeabiliza\u00e7\u00f5es<\/a>\u00a0<\/strong>e <strong><a href=\"http:\/\/tixengenharia.com.br\/engenharia\/servicos\/recuperacao-estrutural\/\">recupera\u00e7\u00e3o estrutural<\/a><\/strong>, bem como\u00a0<strong><a href=\"http:\/\/tixengenharia.com.br\/engenharia\/servicos\/revestimentos-anticorrosivos\/\">revestimentos anticorrosivos<\/a><\/strong> e <strong><a href=\"http:\/\/tixengenharia.com.br\/engenharia\/servicos\/injecoes-poliuretano-e-resinas\/\">inje\u00e7\u00f5es com poliuretano e resinas<\/a>.<\/strong><br \/>\nFornecemos solu\u00e7\u00f5es com \u00e1gil atendimento a industrias, com\u00e9rcio, Construtoras e Incorporados, al\u00e9m de disponibilizar solu\u00e7\u00f5es sob medida para condom\u00ednios e em obras ou reformas residenciais.<br \/>\nDentre os clientes atendidos, destacamos:<\/p>\n<p style=\"text-align: center;\"><div class=\"su-custom-gallery su-custom-gallery-title-hover\"><div class=\"su-custom-gallery-slide\"><a><img src=\"https:\/\/tixengenharia.com.br\/engenharia\/wp-content\/uploads\/2015\/10\/vectra-150x150.gif\" alt=\"Vectra\" width=\"150\" height=\"150\" \/><span class=\"su-custom-gallery-title\">Vectra<\/span><\/a><\/div><div class=\"su-custom-gallery-slide\"><a><img src=\"https:\/\/tixengenharia.com.br\/engenharia\/wp-content\/uploads\/2015\/10\/yoshy-150x150.gif\" alt=\"A Yoshii\" width=\"150\" height=\"150\" \/><span class=\"su-custom-gallery-title\">A Yoshii<\/span><\/a><\/div><div class=\"su-custom-gallery-slide\"><a><img src=\"https:\/\/tixengenharia.com.br\/engenharia\/wp-content\/uploads\/2015\/10\/plaenge-150x150.gif\" alt=\"Plaenge\" width=\"150\" height=\"150\" \/><span class=\"su-custom-gallery-title\">Plaenge<\/span><\/a><\/div><div class=\"su-custom-gallery-slide\"><a><img src=\"https:\/\/tixengenharia.com.br\/engenharia\/wp-content\/uploads\/2015\/10\/camargo-correa-150x150.gif\" alt=\"Camargo Correa\" width=\"150\" height=\"150\" \/><span class=\"su-custom-gallery-title\">Camargo Correa<\/span><\/a><\/div><div class=\"su-custom-gallery-slide\"><a><img src=\"https:\/\/tixengenharia.com.br\/engenharia\/wp-content\/uploads\/2015\/10\/coamo-150x150.gif\" alt=\"Coamo\" width=\"150\" height=\"150\" \/><span class=\"su-custom-gallery-title\">Coamo<\/span><\/a><\/div><div class=\"su-custom-gallery-slide\"><a><img src=\"https:\/\/tixengenharia.com.br\/engenharia\/wp-content\/uploads\/2015\/10\/cacique-150x150.gif\" alt=\"Cacique\" width=\"150\" height=\"150\" \/><span class=\"su-custom-gallery-title\">Cacique<\/span><\/a><\/div><div class=\"su-custom-gallery-slide\"><a><img src=\"https:\/\/tixengenharia.com.br\/engenharia\/wp-content\/uploads\/2015\/10\/sabesp-150x150.gif\" alt=\"Sabesp\" width=\"150\" height=\"150\" \/><span class=\"su-custom-gallery-title\">Sabesp<\/span><\/a><\/div><div class=\"su-custom-gallery-slide\"><a><img src=\"https:\/\/tixengenharia.com.br\/engenharia\/wp-content\/uploads\/2015\/10\/klabin-150x150.gif\" alt=\"Klabin\" width=\"150\" height=\"150\" \/><span class=\"su-custom-gallery-title\">Klabin<\/span><\/a><\/div><div class=\"su-custom-gallery-slide\"><a><img src=\"https:\/\/tixengenharia.com.br\/engenharia\/wp-content\/uploads\/2015\/10\/petrobras-150x150.gif\" alt=\"Petrobras\" width=\"150\" height=\"150\" \/><span class=\"su-custom-gallery-title\">Petrobras<\/span><\/a><\/div><div class=\"su-custom-gallery-slide\"><a><img src=\"https:\/\/tixengenharia.com.br\/engenharia\/wp-content\/uploads\/2015\/10\/fibria-150x150.gif\" alt=\"Fibria\" width=\"150\" height=\"150\" \/><span class=\"su-custom-gallery-title\">Fibria<\/span><\/a><\/div><div class=\"su-custom-gallery-slide\"><a><img src=\"https:\/\/tixengenharia.com.br\/engenharia\/wp-content\/uploads\/2015\/10\/sanepar-150x150.gif\" alt=\"Sanepar\" width=\"150\" height=\"150\" \/><span class=\"su-custom-gallery-title\">Sanepar<\/span><\/a><\/div><div class=\"su-custom-gallery-slide\"><a><img src=\"https:\/\/tixengenharia.com.br\/engenharia\/wp-content\/uploads\/2015\/10\/cesbe-150x150.gif\" alt=\"Cesbe S.A.\" width=\"150\" height=\"150\" \/><span class=\"su-custom-gallery-title\">Cesbe S.A.<\/span><\/a><\/div><div class=\"su-custom-gallery-slide\"><a><img src=\"https:\/\/tixengenharia.com.br\/engenharia\/wp-content\/uploads\/2015\/10\/coca-150x150.gif\" alt=\"Coca-Cola Spaipa\" width=\"150\" height=\"150\" \/><span class=\"su-custom-gallery-title\">Coca-Cola Spaipa<\/span><\/a><\/div><div class=\"su-custom-gallery-slide\"><a><img src=\"https:\/\/tixengenharia.com.br\/engenharia\/wp-content\/uploads\/2015\/10\/milenia-150x150.gif\" alt=\"Milenia\" width=\"150\" height=\"150\" \/><span class=\"su-custom-gallery-title\">Milenia<\/span><\/a><\/div><div class=\"su-custom-gallery-slide\"><a><img src=\"https:\/\/tixengenharia.com.br\/engenharia\/wp-content\/uploads\/2015\/10\/oas-150x150.gif\" alt=\"OAS Parceria Tix Engenharia e Impermeabiliza\u00e7\u00e3o\" width=\"150\" height=\"150\" \/><span class=\"su-custom-gallery-title\">OAS Parceria Tix Engenharia e Impermeabiliza\u00e7\u00e3o<\/span><\/a><\/div><div class=\"su-clear\"><\/div><\/div>\n<\/div><\/div>\n<div class=\"su-spoiler su-spoiler-style-fancy su-spoiler-icon-arrow su-spoiler-closed\" data-scroll-offset=\"0\" data-anchor-in-url=\"no\"><div class=\"su-spoiler-title\" tabindex=\"0\" role=\"button\"><span class=\"su-spoiler-icon\"><\/span>Com quem fazemos<\/div><div class=\"su-spoiler-content su-u-clearfix su-u-trim\">\n<p style=\"text-align: justify;\">A <strong>TIX ENGENHARIA E IMPERMEABILIZA\u00c7\u00c3O<\/strong> t\u00eam PARCERIAS com expressivas empresas fornecedoras de materais de ultimas gera\u00e7\u00e3o no segmento de constru\u00e7\u00e3o civil, que agregam qualidade, pontualidade e seguranca em cada empreendimento que leva a assinatura &#8220;<strong>TIX ENGENHARIA E IMPERMEABILIZA\u00c7\u00c3O<\/strong>&#8220;, com destaque para:<\/p>\n<p style=\"text-align: center;\"><div class=\"su-custom-gallery su-custom-gallery-title-hover su-lightbox-gallery\"><div class=\"su-custom-gallery-slide\"><a href=\"https:\/\/tixengenharia.com.br\/engenharia\/wp-content\/uploads\/2015\/10\/penetron1.jpg\" title=\"&lt;a href=&quot;http:\/\/www.penetron.com.br\/&quot; target=&quot;blank&quot;&gt;&lt;strong&gt;PENETRON&lt;\/strong&gt;&lt;\/a&gt;\"><img src=\"https:\/\/tixengenharia.com.br\/engenharia\/wp-content\/uploads\/2015\/10\/penetron1-150x150.jpg\" alt=\"&lt;a href=&quot;http:\/\/www.penetron.com.br\/&quot; target=&quot;blank&quot;&gt;&lt;strong&gt;PENETRON&lt;\/strong&gt;&lt;\/a&gt;\" width=\"150\" height=\"150\" \/><span class=\"su-custom-gallery-title\"><a href=\"http:\/\/www.penetron.com.br\/\" target=\"blank\"><strong>PENETRON<\/strong><\/a><\/span><\/a><\/div><div class=\"su-custom-gallery-slide\"><a href=\"https:\/\/tixengenharia.com.br\/engenharia\/wp-content\/uploads\/2015\/10\/uniontech1.jpg\" title=\"&lt;a href=&quot;http:\/\/www.uniontech.com.br\/\/&quot; target=&quot;blank&quot;&gt; &lt;strong&gt;UNIONTECH&lt;\/strong&gt;&lt;\/a&gt;\"><img src=\"https:\/\/tixengenharia.com.br\/engenharia\/wp-content\/uploads\/2015\/10\/uniontech1-150x150.jpg\" alt=\"&lt;a href=&quot;http:\/\/www.uniontech.com.br\/\/&quot; target=&quot;blank&quot;&gt; &lt;strong&gt;UNIONTECH&lt;\/strong&gt;&lt;\/a&gt;\" width=\"150\" height=\"150\" \/><span class=\"su-custom-gallery-title\"><a href=\"http:\/\/www.uniontech.com.br\/\/\" target=\"blank\"> <strong>UNIONTECH<\/strong><\/a><\/span><\/a><\/div><div class=\"su-custom-gallery-slide\"><a href=\"https:\/\/tixengenharia.com.br\/engenharia\/wp-content\/uploads\/2015\/10\/ihiper1.jpg\" title=\"&lt;a href=&quot;http:\/\/www.ihiper.com.br\/&quot; target=&quot;blank&quot;&gt;&lt;strong&gt; IHIPER&lt;\/strong&gt; &lt;\/a&gt;\"><img src=\"https:\/\/tixengenharia.com.br\/engenharia\/wp-content\/uploads\/2015\/10\/ihiper1-150x150.jpg\" alt=\"&lt;a href=&quot;http:\/\/www.ihiper.com.br\/&quot; target=&quot;blank&quot;&gt;&lt;strong&gt; IHIPER&lt;\/strong&gt; &lt;\/a&gt;\" width=\"150\" height=\"150\" \/><span class=\"su-custom-gallery-title\"><a href=\"http:\/\/www.ihiper.com.br\/\" target=\"blank\"><strong> IHIPER<\/strong> <\/a><\/span><\/a><\/div><div class=\"su-custom-gallery-slide\"><a href=\"https:\/\/tixengenharia.com.br\/engenharia\/wp-content\/uploads\/2015\/10\/denver1.jpg\" title=\"&lt;a href=&quot;http:\/\/www.denverimper.com.br\/&quot; target=&quot;blank&quot;&gt; &lt;strong&gt; DENVER IMPER&lt;\/strong&gt; &lt;\/a&gt;\"><img src=\"https:\/\/tixengenharia.com.br\/engenharia\/wp-content\/uploads\/2015\/10\/denver1-150x150.jpg\" alt=\"&lt;a href=&quot;http:\/\/www.denverimper.com.br\/&quot; target=&quot;blank&quot;&gt; &lt;strong&gt; DENVER IMPER&lt;\/strong&gt; &lt;\/a&gt;\" width=\"150\" height=\"150\" \/><span class=\"su-custom-gallery-title\"><a href=\"http:\/\/www.denverimper.com.br\/\" target=\"blank\"> <strong> DENVER IMPER<\/strong> <\/a><\/span><\/a><\/div><div class=\"su-custom-gallery-slide\"><a href=\"https:\/\/tixengenharia.com.br\/engenharia\/wp-content\/uploads\/2015\/10\/viapol1.jpg\" title=\"&lt;a href=&quot;http:\/\/www.viapol.com.br\/&quot; target=&quot;blank&quot;&gt;&lt;strong&gt; VIAPOL&lt;\/strong&gt; &lt;\/a&gt;\"><img src=\"https:\/\/tixengenharia.com.br\/engenharia\/wp-content\/uploads\/2015\/10\/viapol1-150x150.jpg\" alt=\"&lt;a href=&quot;http:\/\/www.viapol.com.br\/&quot; target=&quot;blank&quot;&gt;&lt;strong&gt; VIAPOL&lt;\/strong&gt; &lt;\/a&gt;\" width=\"150\" height=\"150\" \/><span class=\"su-custom-gallery-title\"><a href=\"http:\/\/www.viapol.com.br\/\" target=\"blank\"><strong> VIAPOL<\/strong> <\/a><\/span><\/a><\/div><div class=\"su-clear\"><\/div><\/div>\n<\/div><\/div>\n<hr \/>\n<p><a href=\"http:\/\/tixengenharia.com.br\/engenharia\/contatos\/\">Clique aqui e entre em contato com a <strong>TIX ENGENHARIA E IMPERMEABILIZA\u00c7\u00c3O<\/strong>.<\/a><\/p>\n<hr \/>\n","protected":false},"excerpt":{"rendered":"<div class=\"slide-text-bg2\"><span>Clique nos bot\u00f5es abaixo e saiba mais sobre os nossos principais servi\u00e7os: \u00a0\u00a0 \u00a0 Clique aqui e entre em contato com a TIX ENGENHARIA E IMPERMEABILIZA\u00c7<\/span><\/div>\n<div class=\"slide-btn-area-sm\"><a href=\"https:\/\/tixengenharia.com.br\/engenharia\/servicos\/\" class=\"slide-btn-sm\">Ler mais<\/a><\/div>\n","protected":false},"author":1,"featured_media":0,"parent":0,"menu_order":3,"comment_status":"closed","ping_status":"closed","template":"","meta":{"_links_to":"","_links_to_target":""},"yoast_head":"<!-- This site is optimized with the Yoast SEO plugin v17.8 - https:\/\/yoast.com\/wordpress\/plugins\/seo\/ -->\n<title>Servi\u00e7os - Tix Engenharia e impermeabiliza\u00e7\u00f5es<\/title>\n<meta name=\"description\" content=\"Servi\u00e7os da Tix Engenharia incluem impermeabiliza\u00e7\u00f5es, recupera\u00e7\u00e3o estrutural, revestimentos anticorrosivos e inje\u00e7\u00f5es com poliuretano e resinas.\" \/>\n<meta name=\"robots\" content=\"index, follow, max-snippet:-1, max-image-preview:large, max-video-preview:-1\" \/>\n<link rel=\"canonical\" href=\"https:\/\/tixengenharia.com.br\/engenharia\/servicos\/\" \/>\n<meta property=\"og:locale\" content=\"pt_BR\" \/>\n<meta property=\"og:type\" content=\"article\" \/>\n<meta property=\"og:title\" content=\"Servi\u00e7os - Tix Engenharia e impermeabiliza\u00e7\u00f5es\" \/>\n<meta property=\"og:description\" content=\"Servi\u00e7os da Tix Engenharia incluem impermeabiliza\u00e7\u00f5es, recupera\u00e7\u00e3o estrutural, revestimentos anticorrosivos e inje\u00e7\u00f5es com poliuretano e resinas.\" \/>\n<meta property=\"og:url\" content=\"https:\/\/tixengenharia.com.br\/engenharia\/servicos\/\" \/>\n<meta property=\"og:site_name\" content=\"Tix Engenharia e Impermeabiliza\u00e7\u00e3o\" \/>\n<meta property=\"article:modified_time\" content=\"2017-05-26T13:55:13+00:00\" \/>\n<meta name=\"twitter:card\" content=\"summary\" \/>\n<meta name=\"twitter:label1\" content=\"Est. tempo de leitura\" \/>\n\t<meta name=\"twitter:data1\" content=\"2 minutos\" \/>\n<script type=\"application\/ld+json\" class=\"yoast-schema-graph\">{\"@context\":\"https:\/\/schema.org\",\"@graph\":[{\"@type\":\"WebSite\",\"@id\":\"https:\/\/tixengenharia.com.br\/engenharia\/#website\",\"url\":\"https:\/\/tixengenharia.com.br\/engenharia\/\",\"name\":\"Tix Engenharia e Impermeabiliza\\u00e7\\u00e3o\",\"description\":\"Impermeabiliza\\u00e7\\u00e3o e Recupera\\u00e7\\u00e3o Estrutural - Tix Engenharia\",\"potentialAction\":[{\"@type\":\"SearchAction\",\"target\":{\"@type\":\"EntryPoint\",\"urlTemplate\":\"https:\/\/tixengenharia.com.br\/engenharia\/?s={search_term_string}\"},\"query-input\":\"required name=search_term_string\"}],\"inLanguage\":\"pt-BR\"},{\"@type\":\"WebPage\",\"@id\":\"https:\/\/tixengenharia.com.br\/engenharia\/servicos\/#webpage\",\"url\":\"https:\/\/tixengenharia.com.br\/engenharia\/servicos\/\",\"name\":\"Servi\\u00e7os - Tix Engenharia e impermeabiliza\\u00e7\\u00f5es\",\"isPartOf\":{\"@id\":\"https:\/\/tixengenharia.com.br\/engenharia\/#website\"},\"datePublished\":\"2015-10-15T19:58:27+00:00\",\"dateModified\":\"2017-05-26T13:55:13+00:00\",\"description\":\"Servi\\u00e7os da Tix Engenharia incluem impermeabiliza\\u00e7\\u00f5es, recupera\\u00e7\\u00e3o estrutural, revestimentos anticorrosivos e inje\\u00e7\\u00f5es com poliuretano e resinas.\",\"breadcrumb\":{\"@id\":\"https:\/\/tixengenharia.com.br\/engenharia\/servicos\/#breadcrumb\"},\"inLanguage\":\"pt-BR\",\"potentialAction\":[{\"@type\":\"ReadAction\",\"target\":[\"https:\/\/tixengenharia.com.br\/engenharia\/servicos\/\"]}]},{\"@type\":\"BreadcrumbList\",\"@id\":\"https:\/\/tixengenharia.com.br\/engenharia\/servicos\/#breadcrumb\",\"itemListElement\":[{\"@type\":\"ListItem\",\"position\":1,\"name\":\"In\\u00edcio\",\"item\":\"https:\/\/tixengenharia.com.br\/engenharia\/\"},{\"@type\":\"ListItem\",\"position\":2,\"name\":\"Nossos Servi\\u00e7os\"}]}]}<\/script>\n<!-- \/ Yoast SEO plugin. -->","yoast_head_json":{"title":"Servi\u00e7os - Tix Engenharia e impermeabiliza\u00e7\u00f5es","description":"Servi\u00e7os da Tix Engenharia incluem impermeabiliza\u00e7\u00f5es, recupera\u00e7\u00e3o estrutural, revestimentos anticorrosivos e inje\u00e7\u00f5es com poliuretano e resinas.","robots":{"index":"index","follow":"follow","max-snippet":"max-snippet:-1","max-image-preview":"max-image-preview:large","max-video-preview":"max-video-preview:-1"},"canonical":"https:\/\/tixengenharia.com.br\/engenharia\/servicos\/","og_locale":"pt_BR","og_type":"article","og_title":"Servi\u00e7os - Tix Engenharia e impermeabiliza\u00e7\u00f5es","og_description":"Servi\u00e7os da Tix Engenharia incluem impermeabiliza\u00e7\u00f5es, recupera\u00e7\u00e3o estrutural, revestimentos anticorrosivos e inje\u00e7\u00f5es com poliuretano e resinas.","og_url":"https:\/\/tixengenharia.com.br\/engenharia\/servicos\/","og_site_name":"Tix Engenharia e Impermeabiliza\u00e7\u00e3o","article_modified_time":"2017-05-26T13:55:13+00:00","twitter_card":"summary","twitter_misc":{"Est. tempo de leitura":"2 minutos"},"schema":{"@context":"https:\/\/schema.org","@graph":[{"@type":"WebSite","@id":"https:\/\/tixengenharia.com.br\/engenharia\/#website","url":"https:\/\/tixengenharia.com.br\/engenharia\/","name":"Tix Engenharia e Impermeabiliza\u00e7\u00e3o","description":"Impermeabiliza\u00e7\u00e3o e Recupera\u00e7\u00e3o Estrutural - Tix Engenharia","potentialAction":[{"@type":"SearchAction","target":{"@type":"EntryPoint","urlTemplate":"https:\/\/tixengenharia.com.br\/engenharia\/?s={search_term_string}"},"query-input":"required name=search_term_string"}],"inLanguage":"pt-BR"},{"@type":"WebPage","@id":"https:\/\/tixengenharia.com.br\/engenharia\/servicos\/#webpage","url":"https:\/\/tixengenharia.com.br\/engenharia\/servicos\/","name":"Servi\u00e7os - Tix Engenharia e impermeabiliza\u00e7\u00f5es","isPartOf":{"@id":"https:\/\/tixengenharia.com.br\/engenharia\/#website"},"datePublished":"2015-10-15T19:58:27+00:00","dateModified":"2017-05-26T13:55:13+00:00","description":"Servi\u00e7os da Tix Engenharia incluem impermeabiliza\u00e7\u00f5es, recupera\u00e7\u00e3o estrutural, revestimentos anticorrosivos e inje\u00e7\u00f5es com poliuretano e resinas.","breadcrumb":{"@id":"https:\/\/tixengenharia.com.br\/engenharia\/servicos\/#breadcrumb"},"inLanguage":"pt-BR","potentialAction":[{"@type":"ReadAction","target":["https:\/\/tixengenharia.com.br\/engenharia\/servicos\/"]}]},{"@type":"BreadcrumbList","@id":"https:\/\/tixengenharia.com.br\/engenharia\/servicos\/#breadcrumb","itemListElement":[{"@type":"ListItem","position":1,"name":"In\u00edcio","item":"https:\/\/tixengenharia.com.br\/engenharia\/"},{"@type":"ListItem","position":2,"name":"Nossos Servi\u00e7os"}]}]}},"_links":{"self":[{"href":"https:\/\/tixengenharia.com.br\/engenharia\/wp-json\/wp\/v2\/pages\/33"}],"collection":[{"href":"https:\/\/tixengenharia.com.br\/engenharia\/wp-json\/wp\/v2\/pages"}],"about":[{"href":"https:\/\/tixengenharia.com.br\/engenharia\/wp-json\/wp\/v2\/types\/page"}],"author":[{"embeddable":true,"href":"https:\/\/tixengenharia.com.br\/engenharia\/wp-json\/wp\/v2\/users\/1"}],"replies":[{"embeddable":true,"href":"https:\/\/tixengenharia.com.br\/engenharia\/wp-json\/wp\/v2\/comments?post=33"}],"version-history":[{"count":38,"href":"https:\/\/tixengenharia.com.br\/engenharia\/wp-json\/wp\/v2\/pages\/33\/revisions"}],"predecessor-version":[{"id":572,"href":"https:\/\/tixengenharia.com.br\/engenharia\/wp-json\/wp\/v2\/pages\/33\/revisions\/572"}],"wp:attachment":[{"href":"https:\/\/tixengenharia.com.br\/engenharia\/wp-json\/wp\/v2\/media?parent=33"}],"curies":[{"name":"wp","href":"https:\/\/api.w.org\/{rel}","templated":true}]}}